{"id":299,"date":"2019-12-11T14:36:46","date_gmt":"2019-12-11T14:36:46","guid":{"rendered":"https:\/\/the7.io\/clothing\/?page_id=299"},"modified":"2025-11-17T23:01:49","modified_gmt":"2025-11-17T22:01:49","slug":"delivery-2","status":"publish","type":"page","link":"https:\/\/gioielleriamonilia.it\/index.php\/delivery-2\/","title":{"rendered":"Consegna"},"content":{"rendered":"<div class=\"wpb-content-wrapper\"><p>[vc_row][vc_column][vc_column_text]Tutti gli ordini il cui pagamento si \u00e8 concluso entro le ore 14:00 di un giorno lavorativo vengono spediti nelle successive 24-72 ore e recapitati nei soli giorni lavorativi (quindi esclusi sabati, domeniche e festivit\u00e0) . Il tempo della spedizione (consegna) per la Calabria, Basilicata, Sicilia e isole minori, o zone periferiche \u00e8 di circa 48\/72 ore. La data di consegna effettiva pu\u00f2 variare a seconda delle localit\u00e0. La spedizione non sar\u00e0 possibile per ordini con indirizzo sito nelle isole Tremiti o in altre zone disagiate.<\/p>\n<p>Se hai scelto il ritiro in negozio la consegna \u00e8 prevista in 24\/72 ore. In caso di bonifico bancario il tempo di spedizione stimato sar\u00e0 calcolato a partire dal giorno il cui pagamento \u00e8 stato accreditato.<\/p>\n<p>Durante le festivit\u00e0 natalizie (dal 15 Dicembre all\u20198 Gennaio) e nelle due settimane centrali di agosto, i tempi di gestione dell\u2019ordine potrebbero subire dei lievi ritardi.<\/p>\n<p>La spedizione sar\u00e0 gratuita a domicilio per tutti gli ordini a partire da 149\u20ac, per ordini inferiori avr\u00e0 un costo di 10\u20ac in tutta Italia (tranne alcune particolari zone disagiate). I costi di spedizione possono subire variazioni in base al piano promozionale in corso.<\/p>\n<p>&nbsp;<\/p>\n<p>Gioielleria Monilia pur cercando di rispettare i termini indicati nella sezione Termini di consegna per la consegna del\/i Prodotto\/i all\u2019indirizzo indicato, non \u00e8 in grado di indicare un\u2019esatta data di consegna. Nel caso in cui la consegna del\/i Prodotto\/i non avvenga, per qualsiasi ragione ivi inclusa l\u2019indisponibilit\u00e0, anche temporanea, del\/i Prodotto\/i, entro 30 giorni dall\u2019inoltro dell\u2019Ordine da parte dell\u2019utente, ovvero da altra data diversamente concordata con lo stesso, l\u2019utente potr\u00e0 recedere dall\u2019Ordine e Gioielleria Monilia provveder\u00e0 al rimborso del prezzo e delle eventuali altre somme gi\u00e0 pagate dall\u2019utente. Nel caso in cui il corriere non trovasse a casa, o nel luogo di consegna indicato nell\u2019oridne, l\u2019utente si riserva di riprovare a riconsegnare l\u2019ordine il giorno successivo a titolo gratuito. In caso di mancata consegna a causa di mancata presenta del cliente Gioielleria Monilia provveder\u00e0 a far rientrare l\u2019ordine presso la propria logistica. S\u2019informa inoltre che in caso di consegna nei condomini il portinaio viene considerato a tutti gli effetti come persona delegata alla consegna.<\/p>\n<p>L\u2019art. 63 Cod. Cons., come modificato con D.lgs. 21\/2014, stabilisce al comma I che: \u201cNei contratti che pongono a carico del professionista l\u2019obbligo di provvedere alla spedizione dei beni il rischio della perdita o del danneggiamento dei beni, per causa non imputabile al venditore, si trasferisce al consumatore soltanto nel momento in cui quest\u2019ultimo, o un terzo da lui designato e diverso dal vettore, entra materialmente in possesso dei beni\u201d. Il consumatore diventa responsabile della sorte dei beni solo al momento della loro consegna. L\u2019unico caso in cui tale regola non opera \u00e8 quello in cui il vettore sia stato scelto dal consumatore e non proposto dal professionista: in quest\u2019ipotesi, il passaggio del rischio avviene gi\u00e0 al momento della consegna del bene al vettore da parte del venditore e, quindi, se il bene \u00e8 danneggiato o perisce nel trasporto la perdita verr\u00e0 completamente assorbita dal consumatore salvo, ovviamente, il diritto di rivalsa nei confronti dello spedizioniere\/vettore.[\/vc_column_text][\/vc_column][\/vc_row]<\/p>\n<\/div>","protected":false},"excerpt":{"rendered":"<p>[vc_row][vc_column][vc_column_text]Tutti gli ordini il cui pagamento si \u00e8 concluso entro le ore 14:00 di un giorno lavorativo vengono spediti nelle successive 24-72 ore e recapitati nei soli giorni lavorativi (quindi esclusi sabati, domeniche e festivit\u00e0) . Il tempo della spedizione (consegna) per la Calabria, Basilicata, Sicilia e isole minori, o zone periferiche \u00e8 di circa&hellip;<\/p>\n","protected":false},"author":2,"featured_media":0,"parent":0,"menu_order":0,"comment_status":"closed","ping_status":"closed","template":"","meta":{"om_disable_all_campaigns":false,"_uf_show_specific_survey":0,"_uf_disable_surveys":false,"footnotes":""},"class_list":["post-299","page","type-page","status-publish","hentry","description-off"],"aioseo_notices":[],"_links":{"self":[{"href":"https:\/\/gioielleriamonilia.it\/index.php\/wp-json\/wp\/v2\/pages\/299","targetHints":{"allow":["GET"]}}],"collection":[{"href":"https:\/\/gioielleriamonilia.it\/index.php\/wp-json\/wp\/v2\/pages"}],"about":[{"href":"https:\/\/gioielleriamonilia.it\/index.php\/wp-json\/wp\/v2\/types\/page"}],"author":[{"embeddable":true,"href":"https:\/\/gioielleriamonilia.it\/index.php\/wp-json\/wp\/v2\/users\/2"}],"replies":[{"embeddable":true,"href":"https:\/\/gioielleriamonilia.it\/index.php\/wp-json\/wp\/v2\/comments?post=299"}],"version-history":[{"count":3,"href":"https:\/\/gioielleriamonilia.it\/index.php\/wp-json\/wp\/v2\/pages\/299\/revisions"}],"predecessor-version":[{"id":3876,"href":"https:\/\/gioielleriamonilia.it\/index.php\/wp-json\/wp\/v2\/pages\/299\/revisions\/3876"}],"wp:attachment":[{"href":"https:\/\/gioielleriamonilia.it\/index.php\/wp-json\/wp\/v2\/media?parent=299"}],"curies":[{"name":"wp","href":"https:\/\/api.w.org\/{rel}","templated":true}]}}