{"id":3708,"date":"2024-04-06T13:01:04","date_gmt":"2024-04-06T11:01:04","guid":{"rendered":"https:\/\/gioielleriamonilia.it\/?post_type=product&#038;p=3708"},"modified":"2024-04-06T13:01:05","modified_gmt":"2024-04-06T11:01:05","slug":"orologio-tommy-hilfiger-1782591","status":"publish","type":"product","link":"https:\/\/gioielleriamonilia.it\/index.php\/prodotto\/orologio-tommy-hilfiger-1782591\/","title":{"rendered":"Orologio Tommy Hilfiger 1782591"},"content":{"rendered":"<p>Orologio Tommy Hilfiger 1782591, Orologio analogico da donna del brand Tommy Hilfiger della collezione Monica. Orologio con cassa in acciaio inossidabile di due toni e quadrante grigio con diametro di 38mm, il cinturino \u00e8 in acciaio inossidabile di due toni, la resistenza all&#8217;acqua \u00e8 di 3 ATM. Movimento al quarzo. La referenza \u00e8 1782591<\/p>\n<p>Garanzia 24 mesi<\/p>\n<div class=\"prodotto__descrizione-valori \">Questo multifunzione verr\u00e0 spedito con Scatola Originale Tommy Hilfiger<\/div>\n","protected":false},"excerpt":{"rendered":"<ul>\n<li>Cassa in acciaio 38mm<\/li>\n<li>Impermeabilit\u00e0 3atm<\/li>\n<li>Multifunzione<\/li>\n<li>Garanzia 24 mesi<\/li>\n<\/ul>\n","protected":false},"featured_media":3710,"template":"","meta":{"om_disable_all_campaigns":false,"_uf_show_specific_survey":0,"_uf_disable_surveys":false},"pwb-brand":[371],"product_brand":[],"product_cat":[367,131,233,324],"product_tag":[320,229,373,228,372],"class_list":{"0":"post-3708","1":"product","2":"type-product","3":"status-publish","4":"has-post-thumbnail","6":"pwb-brand-tommy-hilfiger","7":"product_cat-festa-della-mamma","8":"product_cat-orologi","9":"product_cat-orologi-donna","10":"product_cat-tommy-hilfiger","11":"product_tag-acciaio","12":"product_tag-donna","13":"product_tag-multifunzione","14":"product_tag-orologio","15":"product_tag-tommy-hilfiger","16":"description-off","18":"first","19":"instock","20":"sale","21":"taxable","22":"shipping-taxable","23":"purchasable","24":"product-type-simple"},"aioseo_notices":[],"brands":[{"id":371,"name":"Tommy Hilfiger","slug":"tommy-hilfiger"}],"_links":{"self":[{"href":"https:\/\/gioielleriamonilia.it\/index.php\/wp-json\/wp\/v2\/product\/3708","targetHints":{"allow":["GET"]}}],"collection":[{"href":"https:\/\/gioielleriamonilia.it\/index.php\/wp-json\/wp\/v2\/product"}],"about":[{"href":"https:\/\/gioielleriamonilia.it\/index.php\/wp-json\/wp\/v2\/types\/product"}],"wp:featuredmedia":[{"embeddable":true,"href":"https:\/\/gioielleriamonilia.it\/index.php\/wp-json\/wp\/v2\/media\/3710"}],"wp:attachment":[{"href":"https:\/\/gioielleriamonilia.it\/index.php\/wp-json\/wp\/v2\/media?parent=3708"}],"wp:term":[{"taxonomy":"pwb-brand","embeddable":true,"href":"https:\/\/gioielleriamonilia.it\/index.php\/wp-json\/wp\/v2\/pwb-brand?post=3708"},{"taxonomy":"product_brand","embeddable":true,"href":"https:\/\/gioielleriamonilia.it\/index.php\/wp-json\/wp\/v2\/product_brand?post=3708"},{"taxonomy":"product_cat","embeddable":true,"href":"https:\/\/gioielleriamonilia.it\/index.php\/wp-json\/wp\/v2\/product_cat?post=3708"},{"taxonomy":"product_tag","embeddable":true,"href":"https:\/\/gioielleriamonilia.it\/index.php\/wp-json\/wp\/v2\/product_tag?post=3708"}],"curies":[{"name":"wp","href":"https:\/\/api.w.org\/{rel}","templated":true}]}}