{"id":3711,"date":"2024-04-06T13:08:54","date_gmt":"2024-04-06T11:08:54","guid":{"rendered":"https:\/\/gioielleriamonilia.it\/?post_type=product&#038;p=3711"},"modified":"2024-04-06T13:38:42","modified_gmt":"2024-04-06T11:38:42","slug":"orologio-tommy-hilfiger-1782604","status":"publish","type":"product","link":"https:\/\/gioielleriamonilia.it\/index.php\/prodotto\/orologio-tommy-hilfiger-1782604\/","title":{"rendered":"Orologio Tommy Hilfiger 1782604"},"content":{"rendered":"<p>Orologio Tommy Hilfiger 1782604, orologio analogico da donna del brand Tommy Hilfiger della collezione Tea Le. Orologio con cassa in acciaio inossidabile di due toni e quadrante argento con diametro di 35mm, il cinturino \u00e8 in acciaio inossidabile argento, la resistenza all&#8217;acqua \u00e8 di 3 ATM. Orologio al quarzo. La referenza \u00e8 1782604<\/p>\n<p>Garanzia 24 mesi.<\/p>\n<div class=\"prodotto__descrizione-valori \">Questo solo tempo verr\u00e0 spedito con Scatola Originale Tommy Hilfiger<\/div>\n","protected":false},"excerpt":{"rendered":"<ul>\n<li>Cassa in acciaio 35mm<\/li>\n<li>Impermeabilit\u00e0 3atm<\/li>\n<li>Solo tempo<\/li>\n<li>Garanzia 24 mesi<\/li>\n<\/ul>\n","protected":false},"featured_media":3713,"template":"","meta":{"om_disable_all_campaigns":false,"_uf_show_specific_survey":0,"_uf_disable_surveys":false},"pwb-brand":[371],"product_brand":[],"product_cat":[367,131,233,324],"product_tag":[320,260,374],"class_list":{"0":"post-3711","1":"product","2":"type-product","3":"status-publish","4":"has-post-thumbnail","6":"pwb-brand-tommy-hilfiger","7":"product_cat-festa-della-mamma","8":"product_cat-orologi","9":"product_cat-orologi-donna","10":"product_cat-tommy-hilfiger","11":"product_tag-acciaio","12":"product_tag-orologio-donna","13":"product_tag-tommy-hil","14":"description-off","16":"first","17":"instock","18":"sale","19":"taxable","20":"shipping-taxable","21":"purchasable","22":"product-type-simple"},"aioseo_notices":[],"brands":[{"id":371,"name":"Tommy Hilfiger","slug":"tommy-hilfiger"}],"_links":{"self":[{"href":"https:\/\/gioielleriamonilia.it\/index.php\/wp-json\/wp\/v2\/product\/3711","targetHints":{"allow":["GET"]}}],"collection":[{"href":"https:\/\/gioielleriamonilia.it\/index.php\/wp-json\/wp\/v2\/product"}],"about":[{"href":"https:\/\/gioielleriamonilia.it\/index.php\/wp-json\/wp\/v2\/types\/product"}],"wp:featuredmedia":[{"embeddable":true,"href":"https:\/\/gioielleriamonilia.it\/index.php\/wp-json\/wp\/v2\/media\/3713"}],"wp:attachment":[{"href":"https:\/\/gioielleriamonilia.it\/index.php\/wp-json\/wp\/v2\/media?parent=3711"}],"wp:term":[{"taxonomy":"pwb-brand","embeddable":true,"href":"https:\/\/gioielleriamonilia.it\/index.php\/wp-json\/wp\/v2\/pwb-brand?post=3711"},{"taxonomy":"product_brand","embeddable":true,"href":"https:\/\/gioielleriamonilia.it\/index.php\/wp-json\/wp\/v2\/product_brand?post=3711"},{"taxonomy":"product_cat","embeddable":true,"href":"https:\/\/gioielleriamonilia.it\/index.php\/wp-json\/wp\/v2\/product_cat?post=3711"},{"taxonomy":"product_tag","embeddable":true,"href":"https:\/\/gioielleriamonilia.it\/index.php\/wp-json\/wp\/v2\/product_tag?post=3711"}],"curies":[{"name":"wp","href":"https:\/\/api.w.org\/{rel}","templated":true}]}}