{"id":3735,"date":"2024-04-06T15:00:11","date_gmt":"2024-04-06T13:00:11","guid":{"rendered":"https:\/\/gioielleriamonilia.it\/?post_type=product&#038;p=3735"},"modified":"2024-04-06T15:01:28","modified_gmt":"2024-04-06T13:01:28","slug":"orologio-tommy-hilfiger-1782219","status":"publish","type":"product","link":"https:\/\/gioielleriamonilia.it\/index.php\/prodotto\/orologio-tommy-hilfiger-1782219\/","title":{"rendered":"Orologio Tommy Hilfiger 1782219"},"content":{"rendered":"<p>Orologio Tommy Hilfiger 1782219, Orologio solo tempo da donna della collezione liberty di Tommy Hilfiger. Orologio solo tempo con cassa rotonda di dimensione 35mm di colore oro rosa realizzata in acciaio oro rosa. Il quadrante \u00e8 di colore blu. Il vetro \u00e8 minerale. Il cinturino \u00e8 in acciaio maglia mesh di colore blu. Funzioni: 2 h. La resistenza all&#8217;acqua \u00e8 di 3 atm. La referenza \u00e8 1782219<\/p>\n<p>Garanzia 24 mesi<\/p>\n<div class=\"prodotto__descrizione-valori \">Questo solo tempo verr\u00e0 spedito con Scatola Originale Tommy Hilfiger<\/div>\n","protected":false},"excerpt":{"rendered":"<ul>\n<li>Cassa in acciaio 35mm<\/li>\n<li>Impermeabilit\u00e0 3atm<\/li>\n<li>Solo tempo<\/li>\n<li>Garanzia 24 mesi<\/li>\n<\/ul>\n","protected":false},"featured_media":3737,"template":"","meta":{"om_disable_all_campaigns":false,"_uf_show_specific_survey":0,"_uf_disable_surveys":false},"pwb-brand":[371],"product_brand":[],"product_cat":[131,233,324],"product_tag":[320,260,372],"class_list":{"0":"post-3735","1":"product","2":"type-product","3":"status-publish","4":"has-post-thumbnail","6":"pwb-brand-tommy-hilfiger","7":"product_cat-orologi","8":"product_cat-orologi-donna","9":"product_cat-tommy-hilfiger","10":"product_tag-acciaio","11":"product_tag-orologio-donna","12":"product_tag-tommy-hilfiger","13":"description-off","15":"first","16":"instock","17":"sale","18":"taxable","19":"shipping-taxable","20":"purchasable","21":"product-type-simple"},"aioseo_notices":[],"brands":[{"id":371,"name":"Tommy Hilfiger","slug":"tommy-hilfiger"}],"_links":{"self":[{"href":"https:\/\/gioielleriamonilia.it\/index.php\/wp-json\/wp\/v2\/product\/3735","targetHints":{"allow":["GET"]}}],"collection":[{"href":"https:\/\/gioielleriamonilia.it\/index.php\/wp-json\/wp\/v2\/product"}],"about":[{"href":"https:\/\/gioielleriamonilia.it\/index.php\/wp-json\/wp\/v2\/types\/product"}],"wp:featuredmedia":[{"embeddable":true,"href":"https:\/\/gioielleriamonilia.it\/index.php\/wp-json\/wp\/v2\/media\/3737"}],"wp:attachment":[{"href":"https:\/\/gioielleriamonilia.it\/index.php\/wp-json\/wp\/v2\/media?parent=3735"}],"wp:term":[{"taxonomy":"pwb-brand","embeddable":true,"href":"https:\/\/gioielleriamonilia.it\/index.php\/wp-json\/wp\/v2\/pwb-brand?post=3735"},{"taxonomy":"product_brand","embeddable":true,"href":"https:\/\/gioielleriamonilia.it\/index.php\/wp-json\/wp\/v2\/product_brand?post=3735"},{"taxonomy":"product_cat","embeddable":true,"href":"https:\/\/gioielleriamonilia.it\/index.php\/wp-json\/wp\/v2\/product_cat?post=3735"},{"taxonomy":"product_tag","embeddable":true,"href":"https:\/\/gioielleriamonilia.it\/index.php\/wp-json\/wp\/v2\/product_tag?post=3735"}],"curies":[{"name":"wp","href":"https:\/\/api.w.org\/{rel}","templated":true}]}}