{"id":3743,"date":"2024-04-06T15:15:00","date_gmt":"2024-04-06T13:15:00","guid":{"rendered":"https:\/\/gioielleriamonilia.it\/?post_type=product&#038;p=3743"},"modified":"2024-04-06T15:15:01","modified_gmt":"2024-04-06T13:15:01","slug":"orologio-tommy-hilfiger-1782387","status":"publish","type":"product","link":"https:\/\/gioielleriamonilia.it\/index.php\/prodotto\/orologio-tommy-hilfiger-1782387\/","title":{"rendered":"Orologio Tommy Hilfiger 1782387"},"content":{"rendered":"<p>Orologio Tommy Hilfiger 1782387, Orologio multifunzione da donna di Tommy Hilfiger della collezione Kennedy. La cassa \u00e8 in acciaio placcato oro rosa e cristalli, rotonda, di colore acciaio di colore oro rosa con cristalli, misura cassa: 38mm. Il quadrante \u00e8 di colore grigio e il vetro \u00e8 minerale. Il cinturino \u00e8 in acciaio, di colore argento e rosa. Orologio multifunzione. La resistenza all&#8217;acqua \u00e8 di 5 atm. La referenza \u00e8 1782387<\/p>\n<p>Garanzia 24 mesi<\/p>\n<div class=\"prodotto__descrizione-valori \">Questo multifunzione verr\u00e0 spedito con Scatola Originale Tommy<\/div>\n","protected":false},"excerpt":{"rendered":"<ul>\n<li>Cassa in acciaio 38mm<\/li>\n<li>Impermeabilit\u00e0 5atm<\/li>\n<li>Multifunzione<\/li>\n<li>Garanzia 24 mesi<\/li>\n<\/ul>\n","protected":false},"featured_media":3745,"template":"","meta":{"om_disable_all_campaigns":false,"_uf_show_specific_survey":0,"_uf_disable_surveys":false},"pwb-brand":[371],"product_brand":[],"product_cat":[131,233,324],"product_tag":[320,373,260,372],"class_list":{"0":"post-3743","1":"product","2":"type-product","3":"status-publish","4":"has-post-thumbnail","6":"pwb-brand-tommy-hilfiger","7":"product_cat-orologi","8":"product_cat-orologi-donna","9":"product_cat-tommy-hilfiger","10":"product_tag-acciaio","11":"product_tag-multifunzione","12":"product_tag-orologio-donna","13":"product_tag-tommy-hilfiger","14":"description-off","16":"first","17":"instock","18":"sale","19":"taxable","20":"shipping-taxable","21":"purchasable","22":"product-type-simple"},"aioseo_notices":[],"brands":[{"id":371,"name":"Tommy Hilfiger","slug":"tommy-hilfiger"}],"_links":{"self":[{"href":"https:\/\/gioielleriamonilia.it\/index.php\/wp-json\/wp\/v2\/product\/3743","targetHints":{"allow":["GET"]}}],"collection":[{"href":"https:\/\/gioielleriamonilia.it\/index.php\/wp-json\/wp\/v2\/product"}],"about":[{"href":"https:\/\/gioielleriamonilia.it\/index.php\/wp-json\/wp\/v2\/types\/product"}],"wp:featuredmedia":[{"embeddable":true,"href":"https:\/\/gioielleriamonilia.it\/index.php\/wp-json\/wp\/v2\/media\/3745"}],"wp:attachment":[{"href":"https:\/\/gioielleriamonilia.it\/index.php\/wp-json\/wp\/v2\/media?parent=3743"}],"wp:term":[{"taxonomy":"pwb-brand","embeddable":true,"href":"https:\/\/gioielleriamonilia.it\/index.php\/wp-json\/wp\/v2\/pwb-brand?post=3743"},{"taxonomy":"product_brand","embeddable":true,"href":"https:\/\/gioielleriamonilia.it\/index.php\/wp-json\/wp\/v2\/product_brand?post=3743"},{"taxonomy":"product_cat","embeddable":true,"href":"https:\/\/gioielleriamonilia.it\/index.php\/wp-json\/wp\/v2\/product_cat?post=3743"},{"taxonomy":"product_tag","embeddable":true,"href":"https:\/\/gioielleriamonilia.it\/index.php\/wp-json\/wp\/v2\/product_tag?post=3743"}],"curies":[{"name":"wp","href":"https:\/\/api.w.org\/{rel}","templated":true}]}}