{"id":3749,"date":"2024-04-06T16:15:22","date_gmt":"2024-04-06T14:15:22","guid":{"rendered":"https:\/\/gioielleriamonilia.it\/?post_type=product&#038;p=3749"},"modified":"2024-04-06T16:30:13","modified_gmt":"2024-04-06T14:30:13","slug":"orologio-tommy-hilfiger-1782508","status":"publish","type":"product","link":"https:\/\/gioielleriamonilia.it\/index.php\/prodotto\/orologio-tommy-hilfiger-1782508\/","title":{"rendered":"Orologio Tommy Hilfiger 1782508"},"content":{"rendered":"<p>Orologio Tommy Hilfiger 1782508, Orologio da donna di Tommy Hilfiger della linea Lynn. Orologio con cassa rotonda da 32 mm in acciaio placcato oro rosa con cristalli di colore oro rosa. Il cinturino \u00e8 in acciaio inossidabile di colore oro rosa. Orologio con 3 lancette, vetro minerale e impermeabilit\u00e0 di 3 atm. La referenza \u00e8 1781865<\/p>\n<div class=\"prodotto__descrizione-valori \">Questo solo tempo verr\u00e0 spedito con Scatola Originale Tommy Hilfiger<\/div>\n","protected":false},"excerpt":{"rendered":"<ul>\n<li>Cassa in acciaio 32mm<\/li>\n<li>Impermeabilit\u00e0 3atm<\/li>\n<li>Solo tempo<\/li>\n<li>Garanzia 24 mesi<\/li>\n<\/ul>\n","protected":false},"featured_media":3751,"template":"","meta":{"om_disable_all_campaigns":false,"_uf_show_specific_survey":0,"_uf_disable_surveys":false},"pwb-brand":[371],"product_brand":[],"product_cat":[367,131,233,324],"product_tag":[228,260,372],"class_list":{"0":"post-3749","1":"product","2":"type-product","3":"status-publish","4":"has-post-thumbnail","6":"pwb-brand-tommy-hilfiger","7":"product_cat-festa-della-mamma","8":"product_cat-orologi","9":"product_cat-orologi-donna","10":"product_cat-tommy-hilfiger","11":"product_tag-orologio","12":"product_tag-orologio-donna","13":"product_tag-tommy-hilfiger","14":"description-off","16":"first","17":"instock","18":"sale","19":"taxable","20":"shipping-taxable","21":"purchasable","22":"product-type-simple"},"aioseo_notices":[],"brands":[{"id":371,"name":"Tommy Hilfiger","slug":"tommy-hilfiger"}],"_links":{"self":[{"href":"https:\/\/gioielleriamonilia.it\/index.php\/wp-json\/wp\/v2\/product\/3749","targetHints":{"allow":["GET"]}}],"collection":[{"href":"https:\/\/gioielleriamonilia.it\/index.php\/wp-json\/wp\/v2\/product"}],"about":[{"href":"https:\/\/gioielleriamonilia.it\/index.php\/wp-json\/wp\/v2\/types\/product"}],"wp:featuredmedia":[{"embeddable":true,"href":"https:\/\/gioielleriamonilia.it\/index.php\/wp-json\/wp\/v2\/media\/3751"}],"wp:attachment":[{"href":"https:\/\/gioielleriamonilia.it\/index.php\/wp-json\/wp\/v2\/media?parent=3749"}],"wp:term":[{"taxonomy":"pwb-brand","embeddable":true,"href":"https:\/\/gioielleriamonilia.it\/index.php\/wp-json\/wp\/v2\/pwb-brand?post=3749"},{"taxonomy":"product_brand","embeddable":true,"href":"https:\/\/gioielleriamonilia.it\/index.php\/wp-json\/wp\/v2\/product_brand?post=3749"},{"taxonomy":"product_cat","embeddable":true,"href":"https:\/\/gioielleriamonilia.it\/index.php\/wp-json\/wp\/v2\/product_cat?post=3749"},{"taxonomy":"product_tag","embeddable":true,"href":"https:\/\/gioielleriamonilia.it\/index.php\/wp-json\/wp\/v2\/product_tag?post=3749"}],"curies":[{"name":"wp","href":"https:\/\/api.w.org\/{rel}","templated":true}]}}