{"id":3770,"date":"2024-04-06T17:11:10","date_gmt":"2024-04-06T15:11:10","guid":{"rendered":"https:\/\/gioielleriamonilia.it\/?post_type=product&#038;p=3770"},"modified":"2024-04-06T17:11:54","modified_gmt":"2024-04-06T15:11:54","slug":"orologio-tommy-hilfiger-1791399","status":"publish","type":"product","link":"https:\/\/gioielleriamonilia.it\/index.php\/prodotto\/orologio-tommy-hilfiger-1791399\/","title":{"rendered":"Orologio Tommy Hilfiger 1791399"},"content":{"rendered":"<p>Orologio Tommy Hilfiger 1791399, Orologio da uomo di Tommy Hilfiger della linea kane. Orologio con cassa rotonda da 44 mm in acciaio con placcatura oro rosa di colore oro rosa. Il cinturino \u00e8 in pelle di colore marrone. Orologio multifunzione, vetro minerale e impermeabilit\u00e0 di 5 atm. La referenza \u00e8 1791399<\/p>\n<div class=\"prodotto__descrizione-valori \">Questo multifunzione verr\u00e0 spedito con Scatola Originale Tommy Hilfiger<\/div>\n","protected":false},"excerpt":{"rendered":"<ul>\n<li>Cassa in acciaio 44mm<\/li>\n<li>Impermeabilit\u00e0 5atm<\/li>\n<li>Multifunzione<\/li>\n<li>Garanzia 24 mesi<\/li>\n<\/ul>\n","protected":false},"featured_media":3772,"template":"","meta":{"om_disable_all_campaigns":false,"_uf_show_specific_survey":0,"_uf_disable_surveys":false},"pwb-brand":[371],"product_brand":[],"product_cat":[131,264,324],"product_tag":[375,329,372],"class_list":{"0":"post-3770","1":"product","2":"type-product","3":"status-publish","4":"has-post-thumbnail","6":"pwb-brand-tommy-hilfiger","7":"product_cat-orologi","8":"product_cat-orologi-uomo","9":"product_cat-tommy-hilfiger","10":"product_tag-orologi","11":"product_tag-orologio-uomo","12":"product_tag-tommy-hilfiger","13":"description-off","15":"first","16":"instock","17":"sale","18":"taxable","19":"shipping-taxable","20":"purchasable","21":"product-type-simple"},"aioseo_notices":[],"brands":[{"id":371,"name":"Tommy Hilfiger","slug":"tommy-hilfiger"}],"_links":{"self":[{"href":"https:\/\/gioielleriamonilia.it\/index.php\/wp-json\/wp\/v2\/product\/3770","targetHints":{"allow":["GET"]}}],"collection":[{"href":"https:\/\/gioielleriamonilia.it\/index.php\/wp-json\/wp\/v2\/product"}],"about":[{"href":"https:\/\/gioielleriamonilia.it\/index.php\/wp-json\/wp\/v2\/types\/product"}],"wp:featuredmedia":[{"embeddable":true,"href":"https:\/\/gioielleriamonilia.it\/index.php\/wp-json\/wp\/v2\/media\/3772"}],"wp:attachment":[{"href":"https:\/\/gioielleriamonilia.it\/index.php\/wp-json\/wp\/v2\/media?parent=3770"}],"wp:term":[{"taxonomy":"pwb-brand","embeddable":true,"href":"https:\/\/gioielleriamonilia.it\/index.php\/wp-json\/wp\/v2\/pwb-brand?post=3770"},{"taxonomy":"product_brand","embeddable":true,"href":"https:\/\/gioielleriamonilia.it\/index.php\/wp-json\/wp\/v2\/product_brand?post=3770"},{"taxonomy":"product_cat","embeddable":true,"href":"https:\/\/gioielleriamonilia.it\/index.php\/wp-json\/wp\/v2\/product_cat?post=3770"},{"taxonomy":"product_tag","embeddable":true,"href":"https:\/\/gioielleriamonilia.it\/index.php\/wp-json\/wp\/v2\/product_tag?post=3770"}],"curies":[{"name":"wp","href":"https:\/\/api.w.org\/{rel}","templated":true}]}}