{"id":3780,"date":"2024-04-06T17:30:17","date_gmt":"2024-04-06T15:30:17","guid":{"rendered":"https:\/\/gioielleriamonilia.it\/?post_type=product&#038;p=3780"},"modified":"2024-12-23T15:26:19","modified_gmt":"2024-12-23T14:26:19","slug":"bracciale-uomo-tommy-hilfiger-2790463","status":"publish","type":"product","link":"https:\/\/gioielleriamonilia.it\/index.php\/prodotto\/bracciale-uomo-tommy-hilfiger-2790463\/","title":{"rendered":"Bracciale uomo Tommy Hilfiger 2790463"},"content":{"rendered":"<p>Bracciale uomo Tommy Hilfiger 2790463, Bracciale da uomo di Tommy Hilfiger della collezione Monogram. Il prodotto \u00e8 realizzato in acciaio inossidabile a due toni ed \u00e8 di colore argento. La lunghezza \u00e8 di 190 mm regolabile. La referenza \u00e8 2790463<\/p>\n<div class=\"prodotto__descrizione-valori \">Questo bracciale verr\u00e0 spedito con Scatola Originale Tommy Hilfiger<\/div>\n","protected":false},"excerpt":{"rendered":"<ul>\n<li>Lunghezza 190mm<\/li>\n<li>Regolabile<\/li>\n<li>Acciaio Inossidabile<\/li>\n<\/ul>\n","protected":false},"featured_media":3782,"template":"","meta":{"om_disable_all_campaigns":false,"_uf_show_specific_survey":0,"_uf_disable_surveys":false},"pwb-brand":[371],"product_brand":[],"product_cat":[250,132,378,254],"product_tag":[320,198,372,258],"class_list":{"0":"post-3780","1":"product","2":"type-product","3":"status-publish","4":"has-post-thumbnail","6":"pwb-brand-tommy-hilfiger","7":"product_cat-bracciali","8":"product_cat-gioielli-fashion","9":"product_cat-tommy-hilfiger-gioielli-fashion","10":"product_cat-uomo","11":"product_tag-acciaio","12":"product_tag-bracciale","13":"product_tag-tommy-hilfiger","14":"product_tag-uomo","15":"description-off","17":"first","18":"outofstock","19":"taxable","20":"shipping-taxable","21":"purchasable","22":"product-type-simple"},"aioseo_notices":[],"brands":[{"id":371,"name":"Tommy Hilfiger","slug":"tommy-hilfiger"}],"_links":{"self":[{"href":"https:\/\/gioielleriamonilia.it\/index.php\/wp-json\/wp\/v2\/product\/3780","targetHints":{"allow":["GET"]}}],"collection":[{"href":"https:\/\/gioielleriamonilia.it\/index.php\/wp-json\/wp\/v2\/product"}],"about":[{"href":"https:\/\/gioielleriamonilia.it\/index.php\/wp-json\/wp\/v2\/types\/product"}],"wp:featuredmedia":[{"embeddable":true,"href":"https:\/\/gioielleriamonilia.it\/index.php\/wp-json\/wp\/v2\/media\/3782"}],"wp:attachment":[{"href":"https:\/\/gioielleriamonilia.it\/index.php\/wp-json\/wp\/v2\/media?parent=3780"}],"wp:term":[{"taxonomy":"pwb-brand","embeddable":true,"href":"https:\/\/gioielleriamonilia.it\/index.php\/wp-json\/wp\/v2\/pwb-brand?post=3780"},{"taxonomy":"product_brand","embeddable":true,"href":"https:\/\/gioielleriamonilia.it\/index.php\/wp-json\/wp\/v2\/product_brand?post=3780"},{"taxonomy":"product_cat","embeddable":true,"href":"https:\/\/gioielleriamonilia.it\/index.php\/wp-json\/wp\/v2\/product_cat?post=3780"},{"taxonomy":"product_tag","embeddable":true,"href":"https:\/\/gioielleriamonilia.it\/index.php\/wp-json\/wp\/v2\/product_tag?post=3780"}],"curies":[{"name":"wp","href":"https:\/\/api.w.org\/{rel}","templated":true}]}}