{"id":3783,"date":"2024-04-06T17:35:11","date_gmt":"2024-04-06T15:35:11","guid":{"rendered":"https:\/\/gioielleriamonilia.it\/?post_type=product&#038;p=3783"},"modified":"2024-04-06T17:35:12","modified_gmt":"2024-04-06T15:35:12","slug":"collana-uomo-tommy-hilfiger-2790465","status":"publish","type":"product","link":"https:\/\/gioielleriamonilia.it\/index.php\/prodotto\/collana-uomo-tommy-hilfiger-2790465\/","title":{"rendered":"Collana uomo Tommy Hilfiger 2790465"},"content":{"rendered":"<p>Collana uomo Tommy Hilfiger 2790465, Collana da uomo di Tommy Hilfiger della collezione Monogram. Il prodotto \u00e8 realizzato in acciaio inossidabile ed \u00e8 di colore argento. La lunghezza \u00e8 di 609 mm. La referenza \u00e8 2790465<\/p>\n<div class=\"prodotto__descrizione-valori \">Questo collana verr\u00e0 spedito con Scatola Originale Tommy Hilfiger<\/div>\n","protected":false},"excerpt":{"rendered":"<ul>\n<li>Lunghezza 69cm<\/li>\n<li>Acciaio inossidabile<\/li>\n<\/ul>\n","protected":false},"featured_media":3785,"template":"","meta":{"om_disable_all_campaigns":false,"_uf_show_specific_survey":0,"_uf_disable_surveys":false},"pwb-brand":[371],"product_brand":[],"product_cat":[249,132,378,254],"product_tag":[320,157,372,258],"class_list":{"0":"post-3783","1":"product","2":"type-product","3":"status-publish","4":"has-post-thumbnail","6":"pwb-brand-tommy-hilfiger","7":"product_cat-collane-gioielli-fashion","8":"product_cat-gioielli-fashion","9":"product_cat-tommy-hilfiger-gioielli-fashion","10":"product_cat-uomo","11":"product_tag-acciaio","12":"product_tag-collana","13":"product_tag-tommy-hilfiger","14":"product_tag-uomo","15":"description-off","17":"first","18":"instock","19":"sale","20":"taxable","21":"shipping-taxable","22":"purchasable","23":"product-type-simple"},"aioseo_notices":[],"brands":[{"id":371,"name":"Tommy Hilfiger","slug":"tommy-hilfiger"}],"_links":{"self":[{"href":"https:\/\/gioielleriamonilia.it\/index.php\/wp-json\/wp\/v2\/product\/3783","targetHints":{"allow":["GET"]}}],"collection":[{"href":"https:\/\/gioielleriamonilia.it\/index.php\/wp-json\/wp\/v2\/product"}],"about":[{"href":"https:\/\/gioielleriamonilia.it\/index.php\/wp-json\/wp\/v2\/types\/product"}],"wp:featuredmedia":[{"embeddable":true,"href":"https:\/\/gioielleriamonilia.it\/index.php\/wp-json\/wp\/v2\/media\/3785"}],"wp:attachment":[{"href":"https:\/\/gioielleriamonilia.it\/index.php\/wp-json\/wp\/v2\/media?parent=3783"}],"wp:term":[{"taxonomy":"pwb-brand","embeddable":true,"href":"https:\/\/gioielleriamonilia.it\/index.php\/wp-json\/wp\/v2\/pwb-brand?post=3783"},{"taxonomy":"product_brand","embeddable":true,"href":"https:\/\/gioielleriamonilia.it\/index.php\/wp-json\/wp\/v2\/product_brand?post=3783"},{"taxonomy":"product_cat","embeddable":true,"href":"https:\/\/gioielleriamonilia.it\/index.php\/wp-json\/wp\/v2\/product_cat?post=3783"},{"taxonomy":"product_tag","embeddable":true,"href":"https:\/\/gioielleriamonilia.it\/index.php\/wp-json\/wp\/v2\/product_tag?post=3783"}],"curies":[{"name":"wp","href":"https:\/\/api.w.org\/{rel}","templated":true}]}}