{"id":3934,"date":"2024-04-08T21:54:47","date_gmt":"2024-04-08T19:54:47","guid":{"rendered":"https:\/\/gioielleriamonilia.it\/?post_type=product&#038;p=3934"},"modified":"2024-04-08T21:56:03","modified_gmt":"2024-04-08T19:56:03","slug":"stroili-pendente-poeme-oro-giallo-1412800","status":"publish","type":"product","link":"https:\/\/gioielleriamonilia.it\/index.php\/prodotto\/stroili-pendente-poeme-oro-giallo-1412800\/","title":{"rendered":"Stroili Pendente Po\u00e8me Oro Giallo 1412800"},"content":{"rendered":"<p>Stroili Pendente Po\u00e8me Oro Giallo 1412800, Pendente donna Albero Della Vita Po\u00e8me Oro Giallo 375\/1000 Cubic Zirconia Bianco<\/p>\n","protected":false},"excerpt":{"rendered":"<ul>\n<li>Oro 375\/1000<\/li>\n<li>Zirconi<\/li>\n<li>Confezione Stroili<\/li>\n<\/ul>\n","protected":false},"featured_media":3936,"template":"","meta":{"om_disable_all_campaigns":false,"_uf_show_specific_survey":0,"_uf_disable_surveys":false},"pwb-brand":[268],"product_brand":[],"product_cat":[419,420,412,285,414,367,130,270],"product_tag":[431,430,425,424,275],"class_list":{"0":"post-3934","1":"product","2":"type-product","3":"status-publish","4":"has-post-thumbnail","6":"pwb-brand-stroili","7":"product_cat-ciondoli","8":"product_cat-ciondoli-oreficeria","9":"product_cat-comunioni-cresime","10":"product_cat-donna","11":"product_cat-femminuccia","12":"product_cat-festa-della-mamma","13":"product_cat-oreficeria","14":"product_cat-stroili-oreficeria","15":"product_tag-431","16":"product_tag-ciondoli","17":"product_tag-oro-375","18":"product_tag-oro-9kt","19":"product_tag-stroili","20":"description-off","22":"first","23":"instock","24":"taxable","25":"shipping-taxable","26":"purchasable","27":"product-type-simple"},"aioseo_notices":[],"brands":[{"id":268,"name":"Stroili","slug":"stroili"}],"_links":{"self":[{"href":"https:\/\/gioielleriamonilia.it\/index.php\/wp-json\/wp\/v2\/product\/3934","targetHints":{"allow":["GET"]}}],"collection":[{"href":"https:\/\/gioielleriamonilia.it\/index.php\/wp-json\/wp\/v2\/product"}],"about":[{"href":"https:\/\/gioielleriamonilia.it\/index.php\/wp-json\/wp\/v2\/types\/product"}],"wp:featuredmedia":[{"embeddable":true,"href":"https:\/\/gioielleriamonilia.it\/index.php\/wp-json\/wp\/v2\/media\/3936"}],"wp:attachment":[{"href":"https:\/\/gioielleriamonilia.it\/index.php\/wp-json\/wp\/v2\/media?parent=3934"}],"wp:term":[{"taxonomy":"pwb-brand","embeddable":true,"href":"https:\/\/gioielleriamonilia.it\/index.php\/wp-json\/wp\/v2\/pwb-brand?post=3934"},{"taxonomy":"product_brand","embeddable":true,"href":"https:\/\/gioielleriamonilia.it\/index.php\/wp-json\/wp\/v2\/product_brand?post=3934"},{"taxonomy":"product_cat","embeddable":true,"href":"https:\/\/gioielleriamonilia.it\/index.php\/wp-json\/wp\/v2\/product_cat?post=3934"},{"taxonomy":"product_tag","embeddable":true,"href":"https:\/\/gioielleriamonilia.it\/index.php\/wp-json\/wp\/v2\/product_tag?post=3934"}],"curies":[{"name":"wp","href":"https:\/\/api.w.org\/{rel}","templated":true}]}}