{"id":4117,"date":"2024-04-09T00:30:58","date_gmt":"2024-04-08T22:30:58","guid":{"rendered":"https:\/\/gioielleriamonilia.it\/?post_type=product&#038;p=4117"},"modified":"2024-04-09T00:31:00","modified_gmt":"2024-04-08T22:31:00","slug":"stroili-orecchini-lobo-amelie-oro-giallo-1419208","status":"publish","type":"product","link":"https:\/\/gioielleriamonilia.it\/index.php\/prodotto\/stroili-orecchini-lobo-amelie-oro-giallo-1419208\/","title":{"rendered":"Stroili Orecchini Lobo Am\u00e9lie Oro Giallo 1419208"},"content":{"rendered":"<p>Stroili Orecchini Lobo Am\u00e9lie Oro Giallo 1419208, Orecchini Lobo Punto Luce Am\u00e9lie Oro Giallo 375\/1000 Ametista Viola Cubic Zirconia Bianco<\/p>\n","protected":false},"excerpt":{"rendered":"<ul>\n<li>Oro 375\/1000<\/li>\n<li>Zirconi<\/li>\n<li>Ametista viola<\/li>\n<li>Confezione Stroili<\/li>\n<\/ul>\n","protected":false},"featured_media":4119,"template":"","meta":{"om_disable_all_campaigns":false,"_uf_show_specific_survey":0,"_uf_disable_surveys":false},"pwb-brand":[268],"product_brand":[],"product_cat":[285,367,280,130,270],"product_tag":[461,460,147,425,424,275],"class_list":{"0":"post-4117","1":"product","2":"type-product","3":"status-publish","4":"has-post-thumbnail","6":"pwb-brand-stroili","7":"product_cat-donna","8":"product_cat-festa-della-mamma","9":"product_cat-orecchini-oreficeria","10":"product_cat-oreficeria","11":"product_cat-stroili-oreficeria","12":"product_tag-461","13":"product_tag-ametista","14":"product_tag-orecchini","15":"product_tag-oro-375","16":"product_tag-oro-9kt","17":"product_tag-stroili","18":"description-off","20":"first","21":"instock","22":"taxable","23":"shipping-taxable","24":"purchasable","25":"product-type-simple"},"aioseo_notices":[],"brands":[{"id":268,"name":"Stroili","slug":"stroili"}],"_links":{"self":[{"href":"https:\/\/gioielleriamonilia.it\/index.php\/wp-json\/wp\/v2\/product\/4117","targetHints":{"allow":["GET"]}}],"collection":[{"href":"https:\/\/gioielleriamonilia.it\/index.php\/wp-json\/wp\/v2\/product"}],"about":[{"href":"https:\/\/gioielleriamonilia.it\/index.php\/wp-json\/wp\/v2\/types\/product"}],"wp:featuredmedia":[{"embeddable":true,"href":"https:\/\/gioielleriamonilia.it\/index.php\/wp-json\/wp\/v2\/media\/4119"}],"wp:attachment":[{"href":"https:\/\/gioielleriamonilia.it\/index.php\/wp-json\/wp\/v2\/media?parent=4117"}],"wp:term":[{"taxonomy":"pwb-brand","embeddable":true,"href":"https:\/\/gioielleriamonilia.it\/index.php\/wp-json\/wp\/v2\/pwb-brand?post=4117"},{"taxonomy":"product_brand","embeddable":true,"href":"https:\/\/gioielleriamonilia.it\/index.php\/wp-json\/wp\/v2\/product_brand?post=4117"},{"taxonomy":"product_cat","embeddable":true,"href":"https:\/\/gioielleriamonilia.it\/index.php\/wp-json\/wp\/v2\/product_cat?post=4117"},{"taxonomy":"product_tag","embeddable":true,"href":"https:\/\/gioielleriamonilia.it\/index.php\/wp-json\/wp\/v2\/product_tag?post=4117"}],"curies":[{"name":"wp","href":"https:\/\/api.w.org\/{rel}","templated":true}]}}