{"id":4124,"date":"2024-04-09T00:35:40","date_gmt":"2024-04-08T22:35:40","guid":{"rendered":"https:\/\/gioielleriamonilia.it\/?post_type=product&#038;p=4124"},"modified":"2025-01-08T19:03:57","modified_gmt":"2025-01-08T18:03:57","slug":"stroili-orecchini-amelie-oro-giallo-topazio-1419211","status":"publish","type":"product","link":"https:\/\/gioielleriamonilia.it\/index.php\/prodotto\/stroili-orecchini-amelie-oro-giallo-topazio-1419211\/","title":{"rendered":"Stroili Orecchini Am\u00e9lie Oro Giallo Topazio 1419211"},"content":{"rendered":"<p>Stroili Orecchini Am\u00e9lie Oro Giallo Topazio 1419211, Orecchini Lobo Punto Luce Am\u00e9lie Oro Giallo 375\/1000 Topazio London Blue Cubic Zirconia Bianco<\/p>\n","protected":false},"excerpt":{"rendered":"<ul>\n<li>Oro 375\/1000<\/li>\n<li>Topazio London blue<\/li>\n<li>Confezione Stroili<\/li>\n<\/ul>\n","protected":false},"featured_media":4126,"template":"","meta":{"om_disable_all_campaigns":false,"_uf_show_specific_survey":0,"_uf_disable_surveys":false},"pwb-brand":[268],"product_brand":[],"product_cat":[285,367,280,130,270],"product_tag":[462,147,425,424,275,169],"class_list":{"0":"post-4124","1":"product","2":"type-product","3":"status-publish","4":"has-post-thumbnail","6":"pwb-brand-stroili","7":"product_cat-donna","8":"product_cat-festa-della-mamma","9":"product_cat-orecchini-oreficeria","10":"product_cat-oreficeria","11":"product_cat-stroili-oreficeria","12":"product_tag-462","13":"product_tag-orecchini","14":"product_tag-oro-375","15":"product_tag-oro-9kt","16":"product_tag-stroili","17":"product_tag-topazio","18":"description-off","20":"first","21":"instock","22":"sale","23":"taxable","24":"shipping-taxable","25":"purchasable","26":"product-type-simple"},"aioseo_notices":[],"brands":[{"id":268,"name":"Stroili","slug":"stroili"}],"_links":{"self":[{"href":"https:\/\/gioielleriamonilia.it\/index.php\/wp-json\/wp\/v2\/product\/4124","targetHints":{"allow":["GET"]}}],"collection":[{"href":"https:\/\/gioielleriamonilia.it\/index.php\/wp-json\/wp\/v2\/product"}],"about":[{"href":"https:\/\/gioielleriamonilia.it\/index.php\/wp-json\/wp\/v2\/types\/product"}],"wp:featuredmedia":[{"embeddable":true,"href":"https:\/\/gioielleriamonilia.it\/index.php\/wp-json\/wp\/v2\/media\/4126"}],"wp:attachment":[{"href":"https:\/\/gioielleriamonilia.it\/index.php\/wp-json\/wp\/v2\/media?parent=4124"}],"wp:term":[{"taxonomy":"pwb-brand","embeddable":true,"href":"https:\/\/gioielleriamonilia.it\/index.php\/wp-json\/wp\/v2\/pwb-brand?post=4124"},{"taxonomy":"product_brand","embeddable":true,"href":"https:\/\/gioielleriamonilia.it\/index.php\/wp-json\/wp\/v2\/product_brand?post=4124"},{"taxonomy":"product_cat","embeddable":true,"href":"https:\/\/gioielleriamonilia.it\/index.php\/wp-json\/wp\/v2\/product_cat?post=4124"},{"taxonomy":"product_tag","embeddable":true,"href":"https:\/\/gioielleriamonilia.it\/index.php\/wp-json\/wp\/v2\/product_tag?post=4124"}],"curies":[{"name":"wp","href":"https:\/\/api.w.org\/{rel}","templated":true}]}}