{"id":4153,"date":"2024-04-09T00:54:00","date_gmt":"2024-04-08T22:54:00","guid":{"rendered":"https:\/\/gioielleriamonilia.it\/?post_type=product&#038;p=4153"},"modified":"2024-04-09T00:54:01","modified_gmt":"2024-04-08T22:54:01","slug":"stroili-collana-punto-luce-amelie-oro-giallo-1419213","status":"publish","type":"product","link":"https:\/\/gioielleriamonilia.it\/index.php\/prodotto\/stroili-collana-punto-luce-amelie-oro-giallo-1419213\/","title":{"rendered":"Stroili Collana Punto Luce Am\u00e9lie Oro Giallo 1419213"},"content":{"rendered":"<p>Stroili Collana Punto Luce Am\u00e9lie Oro Giallo 1419213, Collana Punto Luce Am\u00e9lie Oro Giallo 375\/1000 Maglia Rolo Ametista Viola 40 + 2 cm<\/p>\n","protected":false},"excerpt":{"rendered":"<ul>\n<li>Oro 375\/1000<\/li>\n<li>Ametista<\/li>\n<li>Lunghezza 40+2 cm<\/li>\n<li>Confezione Stroili<\/li>\n<\/ul>\n","protected":false},"featured_media":4155,"template":"","meta":{"om_disable_all_campaigns":false,"_uf_show_specific_survey":0,"_uf_disable_surveys":false},"pwb-brand":[268],"product_brand":[],"product_cat":[281,418,412,285,414,367,130,270],"product_tag":[460,157,425,424,275],"class_list":{"0":"post-4153","1":"product","2":"type-product","3":"status-publish","4":"has-post-thumbnail","6":"pwb-brand-stroili","7":"product_cat-collane-oreficeria","8":"product_cat-collanine","9":"product_cat-comunioni-cresime","10":"product_cat-donna","11":"product_cat-femminuccia","12":"product_cat-festa-della-mamma","13":"product_cat-oreficeria","14":"product_cat-stroili-oreficeria","15":"product_tag-ametista","16":"product_tag-collana","17":"product_tag-oro-375","18":"product_tag-oro-9kt","19":"product_tag-stroili","20":"description-off","22":"first","23":"instock","24":"taxable","25":"shipping-taxable","26":"purchasable","27":"product-type-simple"},"aioseo_notices":[],"brands":[{"id":268,"name":"Stroili","slug":"stroili"}],"_links":{"self":[{"href":"https:\/\/gioielleriamonilia.it\/index.php\/wp-json\/wp\/v2\/product\/4153","targetHints":{"allow":["GET"]}}],"collection":[{"href":"https:\/\/gioielleriamonilia.it\/index.php\/wp-json\/wp\/v2\/product"}],"about":[{"href":"https:\/\/gioielleriamonilia.it\/index.php\/wp-json\/wp\/v2\/types\/product"}],"wp:featuredmedia":[{"embeddable":true,"href":"https:\/\/gioielleriamonilia.it\/index.php\/wp-json\/wp\/v2\/media\/4155"}],"wp:attachment":[{"href":"https:\/\/gioielleriamonilia.it\/index.php\/wp-json\/wp\/v2\/media?parent=4153"}],"wp:term":[{"taxonomy":"pwb-brand","embeddable":true,"href":"https:\/\/gioielleriamonilia.it\/index.php\/wp-json\/wp\/v2\/pwb-brand?post=4153"},{"taxonomy":"product_brand","embeddable":true,"href":"https:\/\/gioielleriamonilia.it\/index.php\/wp-json\/wp\/v2\/product_brand?post=4153"},{"taxonomy":"product_cat","embeddable":true,"href":"https:\/\/gioielleriamonilia.it\/index.php\/wp-json\/wp\/v2\/product_cat?post=4153"},{"taxonomy":"product_tag","embeddable":true,"href":"https:\/\/gioielleriamonilia.it\/index.php\/wp-json\/wp\/v2\/product_tag?post=4153"}],"curies":[{"name":"wp","href":"https:\/\/api.w.org\/{rel}","templated":true}]}}