{"id":4188,"date":"2024-04-09T11:59:15","date_gmt":"2024-04-09T09:59:15","guid":{"rendered":"https:\/\/gioielleriamonilia.it\/?post_type=product&#038;p=4188"},"modified":"2025-09-11T17:33:13","modified_gmt":"2025-09-11T15:33:13","slug":"stroili-catenina-poeme-oro-giallo-1409658","status":"publish","type":"product","link":"https:\/\/gioielleriamonilia.it\/index.php\/prodotto\/stroili-catenina-poeme-oro-giallo-1409658\/","title":{"rendered":"Stroili Catenina Po\u00e8me Oro Giallo 1409658"},"content":{"rendered":"<p>Stroili Catenina Po\u00e8me Oro Giallo 1409658, Catenina Po\u00e8me Oro Giallo 375\/1000 Maglia Rolo 45 cm<\/p>\n","protected":false},"excerpt":{"rendered":"<ul>\n<li>Oro 375\/1000<\/li>\n<li>Lunghezza 45 cm<\/li>\n<li>Confezione Stroili<\/li>\n<\/ul>\n","protected":false},"featured_media":4196,"template":"","meta":{"om_disable_all_campaigns":false,"_uf_show_specific_survey":0,"_uf_disable_surveys":false},"pwb-brand":[268],"product_brand":[],"product_cat":[281,418,412,285,414,367,413,130,270,284],"product_tag":[475,474,425,424,275],"class_list":{"0":"post-4188","1":"product","2":"type-product","3":"status-publish","4":"has-post-thumbnail","6":"pwb-brand-stroili","7":"product_cat-collane-oreficeria","8":"product_cat-collanine","9":"product_cat-comunioni-cresime","10":"product_cat-donna","11":"product_cat-femminuccia","12":"product_cat-festa-della-mamma","13":"product_cat-maschietto","14":"product_cat-oreficeria","15":"product_cat-stroili-oreficeria","16":"product_cat-uomo-oreficeria","17":"product_tag-475","18":"product_tag-catenina","19":"product_tag-oro-375","20":"product_tag-oro-9kt","21":"product_tag-stroili","22":"description-off","24":"first","25":"outofstock","26":"sale","27":"taxable","28":"shipping-taxable","29":"purchasable","30":"product-type-simple"},"aioseo_notices":[],"brands":[{"id":268,"name":"Stroili","slug":"stroili"}],"_links":{"self":[{"href":"https:\/\/gioielleriamonilia.it\/index.php\/wp-json\/wp\/v2\/product\/4188","targetHints":{"allow":["GET"]}}],"collection":[{"href":"https:\/\/gioielleriamonilia.it\/index.php\/wp-json\/wp\/v2\/product"}],"about":[{"href":"https:\/\/gioielleriamonilia.it\/index.php\/wp-json\/wp\/v2\/types\/product"}],"wp:featuredmedia":[{"embeddable":true,"href":"https:\/\/gioielleriamonilia.it\/index.php\/wp-json\/wp\/v2\/media\/4196"}],"wp:attachment":[{"href":"https:\/\/gioielleriamonilia.it\/index.php\/wp-json\/wp\/v2\/media?parent=4188"}],"wp:term":[{"taxonomy":"pwb-brand","embeddable":true,"href":"https:\/\/gioielleriamonilia.it\/index.php\/wp-json\/wp\/v2\/pwb-brand?post=4188"},{"taxonomy":"product_brand","embeddable":true,"href":"https:\/\/gioielleriamonilia.it\/index.php\/wp-json\/wp\/v2\/product_brand?post=4188"},{"taxonomy":"product_cat","embeddable":true,"href":"https:\/\/gioielleriamonilia.it\/index.php\/wp-json\/wp\/v2\/product_cat?post=4188"},{"taxonomy":"product_tag","embeddable":true,"href":"https:\/\/gioielleriamonilia.it\/index.php\/wp-json\/wp\/v2\/product_tag?post=4188"}],"curies":[{"name":"wp","href":"https:\/\/api.w.org\/{rel}","templated":true}]}}