{"id":4211,"date":"2024-04-09T12:46:55","date_gmt":"2024-04-09T10:46:55","guid":{"rendered":"https:\/\/gioielleriamonilia.it\/?post_type=product&#038;p=4211"},"modified":"2024-09-13T16:40:08","modified_gmt":"2024-09-13T14:40:08","slug":"stroili-pendente-poeme-oro-giallo-1410002","status":"publish","type":"product","link":"https:\/\/gioielleriamonilia.it\/index.php\/prodotto\/stroili-pendente-poeme-oro-giallo-1410002\/","title":{"rendered":"Stroili Pendente Po\u00e8me Oro Giallo 1410002"},"content":{"rendered":"<p>Stroili Pendente Po\u00e8me Oro Giallo 1410002, Pendente Albero Della Vita Po\u00e8me Oro Giallo 375\/1000<\/p>\n","protected":false},"excerpt":{"rendered":"<ul>\n<li>Oro 375\/1000<\/li>\n<li>Confezione Stroili<\/li>\n<\/ul>\n","protected":false},"featured_media":4213,"template":"","meta":{"om_disable_all_campaigns":false,"_uf_show_specific_survey":0,"_uf_disable_surveys":false},"pwb-brand":[268],"product_brand":[],"product_cat":[419,420,412,414,367,130,270],"product_tag":[481,214,425,424,275],"class_list":{"0":"post-4211","1":"product","2":"type-product","3":"status-publish","4":"has-post-thumbnail","6":"pwb-brand-stroili","7":"product_cat-ciondoli","8":"product_cat-ciondoli-oreficeria","9":"product_cat-comunioni-cresime","10":"product_cat-femminuccia","11":"product_cat-festa-della-mamma","12":"product_cat-oreficeria","13":"product_cat-stroili-oreficeria","14":"product_tag-481","15":"product_tag-ciondolo","16":"product_tag-oro-375","17":"product_tag-oro-9kt","18":"product_tag-stroili","19":"description-off","21":"first","22":"outofstock","23":"taxable","24":"shipping-taxable","25":"purchasable","26":"product-type-simple"},"aioseo_notices":[],"brands":[{"id":268,"name":"Stroili","slug":"stroili"}],"_links":{"self":[{"href":"https:\/\/gioielleriamonilia.it\/index.php\/wp-json\/wp\/v2\/product\/4211","targetHints":{"allow":["GET"]}}],"collection":[{"href":"https:\/\/gioielleriamonilia.it\/index.php\/wp-json\/wp\/v2\/product"}],"about":[{"href":"https:\/\/gioielleriamonilia.it\/index.php\/wp-json\/wp\/v2\/types\/product"}],"wp:featuredmedia":[{"embeddable":true,"href":"https:\/\/gioielleriamonilia.it\/index.php\/wp-json\/wp\/v2\/media\/4213"}],"wp:attachment":[{"href":"https:\/\/gioielleriamonilia.it\/index.php\/wp-json\/wp\/v2\/media?parent=4211"}],"wp:term":[{"taxonomy":"pwb-brand","embeddable":true,"href":"https:\/\/gioielleriamonilia.it\/index.php\/wp-json\/wp\/v2\/pwb-brand?post=4211"},{"taxonomy":"product_brand","embeddable":true,"href":"https:\/\/gioielleriamonilia.it\/index.php\/wp-json\/wp\/v2\/product_brand?post=4211"},{"taxonomy":"product_cat","embeddable":true,"href":"https:\/\/gioielleriamonilia.it\/index.php\/wp-json\/wp\/v2\/product_cat?post=4211"},{"taxonomy":"product_tag","embeddable":true,"href":"https:\/\/gioielleriamonilia.it\/index.php\/wp-json\/wp\/v2\/product_tag?post=4211"}],"curies":[{"name":"wp","href":"https:\/\/api.w.org\/{rel}","templated":true}]}}