{"id":4506,"date":"2024-04-09T19:13:55","date_gmt":"2024-04-09T17:13:55","guid":{"rendered":"https:\/\/gioielleriamonilia.it\/?post_type=product&#038;p=4506"},"modified":"2025-04-16T10:08:02","modified_gmt":"2025-04-16T08:08:02","slug":"guess-orologio-solo-tempo-donna-gw0001l3","status":"publish","type":"product","link":"https:\/\/gioielleriamonilia.it\/index.php\/prodotto\/guess-orologio-solo-tempo-donna-gw0001l3\/","title":{"rendered":"Guess orologio solo tempo donna GW0001L3"},"content":{"rendered":"<p>Guess orologio solo tempo donna GW0001L3,<\/p>\n<p>Orologio solo tempo da donna di Guess. La dimensione della cassa \u00e8 di 37 mm ed \u00e8 in acciaio lucido oro rosa con cristalli trasparenti. Il quandrante \u00e8 bianco con glitter e logo 4g oro rosa. Il bracciale \u00e8 in acciaio lucido oro rosa. Chiusura pilot. La resistenza all&#8217;acqua \u00e8 di 10 metri. La referenza \u00e8 gw0001l3<\/p>\n<div class=\"prodotto__descrizione-valori \">Questo solo tempo verr\u00e0 spedito con Scatola Originale Guess<\/div>\n","protected":false},"excerpt":{"rendered":"<ul>\n<li>Orologio al quarzo<\/li>\n<li>Solo tempo<\/li>\n<li>Cassa 37mm<\/li>\n<li>Impermeabilit\u00e0 1atm<\/li>\n<li>Garanzia 24 mesi<\/li>\n<\/ul>\n","protected":false},"featured_media":4508,"template":"","meta":{"om_disable_all_campaigns":false,"_uf_show_specific_survey":0,"_uf_disable_surveys":false},"pwb-brand":[331],"product_brand":[],"product_cat":[412,414,367,323,131,415,233],"product_tag":[229,333,539,228,538],"class_list":{"0":"post-4506","1":"product","2":"type-product","3":"status-publish","4":"has-post-thumbnail","6":"pwb-brand-guess","7":"product_cat-comunioni-cresime","8":"product_cat-femminuccia","9":"product_cat-festa-della-mamma","10":"product_cat-guess","11":"product_cat-orologi","12":"product_cat-orologi-comunioni-cresime","13":"product_cat-orologi-donna","14":"product_tag-donna","15":"product_tag-guess","16":"product_tag-gw0001l3","17":"product_tag-orologio","18":"product_tag-solo-tempo","19":"description-off","21":"first","22":"outofstock","23":"sale","24":"taxable","25":"shipping-taxable","26":"purchasable","27":"product-type-simple"},"aioseo_notices":[],"brands":[{"id":331,"name":"guess","slug":"guess"}],"_links":{"self":[{"href":"https:\/\/gioielleriamonilia.it\/index.php\/wp-json\/wp\/v2\/product\/4506","targetHints":{"allow":["GET"]}}],"collection":[{"href":"https:\/\/gioielleriamonilia.it\/index.php\/wp-json\/wp\/v2\/product"}],"about":[{"href":"https:\/\/gioielleriamonilia.it\/index.php\/wp-json\/wp\/v2\/types\/product"}],"wp:featuredmedia":[{"embeddable":true,"href":"https:\/\/gioielleriamonilia.it\/index.php\/wp-json\/wp\/v2\/media\/4508"}],"wp:attachment":[{"href":"https:\/\/gioielleriamonilia.it\/index.php\/wp-json\/wp\/v2\/media?parent=4506"}],"wp:term":[{"taxonomy":"pwb-brand","embeddable":true,"href":"https:\/\/gioielleriamonilia.it\/index.php\/wp-json\/wp\/v2\/pwb-brand?post=4506"},{"taxonomy":"product_brand","embeddable":true,"href":"https:\/\/gioielleriamonilia.it\/index.php\/wp-json\/wp\/v2\/product_brand?post=4506"},{"taxonomy":"product_cat","embeddable":true,"href":"https:\/\/gioielleriamonilia.it\/index.php\/wp-json\/wp\/v2\/product_cat?post=4506"},{"taxonomy":"product_tag","embeddable":true,"href":"https:\/\/gioielleriamonilia.it\/index.php\/wp-json\/wp\/v2\/product_tag?post=4506"}],"curies":[{"name":"wp","href":"https:\/\/api.w.org\/{rel}","templated":true}]}}