{"id":4509,"date":"2024-04-09T19:19:36","date_gmt":"2024-04-09T17:19:36","guid":{"rendered":"https:\/\/gioielleriamonilia.it\/?post_type=product&#038;p=4509"},"modified":"2025-08-02T18:31:12","modified_gmt":"2025-08-02T16:31:12","slug":"guess-orologio-solo-tempo-donna-gw0098l3","status":"publish","type":"product","link":"https:\/\/gioielleriamonilia.it\/index.php\/prodotto\/guess-orologio-solo-tempo-donna-gw0098l3\/","title":{"rendered":"Guess orologio solo tempo donna GW0098L3"},"content":{"rendered":"<p>Guess orologio solo tempo donna GW0098L3<\/p>\n<p>Orologio solo tempo da donna di Guess. Orologio con cassa di 37 mmdi forma rotonda realizzata in acciaio inossidabile color oro con finitura lucida. Il quadrante \u00e8 di colore bianco con finutura glitz. Il cinturino \u00e8 realizzato in pelle di colore nero. La chiusura \u00e8 fibbia ad ardiglione. La resistenza all&#8217;acqua \u00e8 di 10atm. La referenza \u00e8 gw0098l3<\/p>\n<div class=\"prodotto__descrizione-valori \">Questo solo tempo verr\u00e0 spedito con Scatola Originale Guess<\/div>\n","protected":false},"excerpt":{"rendered":"<ul>\n<li>Acciaio inossidabile<\/li>\n<li>Cassa 37mm<\/li>\n<li>Impermeabilit\u00e0 10atm<\/li>\n<li>Garanzia 24 mesi<\/li>\n<\/ul>\n","protected":false},"featured_media":4511,"template":"","meta":{"om_disable_all_campaigns":false,"_uf_show_specific_survey":0,"_uf_disable_surveys":false},"pwb-brand":[331],"product_brand":[],"product_cat":[412,414,367,323,131,415,233],"product_tag":[229,333,540,228],"class_list":{"0":"post-4509","1":"product","2":"type-product","3":"status-publish","4":"has-post-thumbnail","6":"pwb-brand-guess","7":"product_cat-comunioni-cresime","8":"product_cat-femminuccia","9":"product_cat-festa-della-mamma","10":"product_cat-guess","11":"product_cat-orologi","12":"product_cat-orologi-comunioni-cresime","13":"product_cat-orologi-donna","14":"product_tag-donna","15":"product_tag-guess","16":"product_tag-gw0098l3","17":"product_tag-orologio","18":"description-off","20":"first","21":"outofstock","22":"sale","23":"taxable","24":"shipping-taxable","25":"purchasable","26":"product-type-simple"},"aioseo_notices":[],"brands":[{"id":331,"name":"guess","slug":"guess"}],"_links":{"self":[{"href":"https:\/\/gioielleriamonilia.it\/index.php\/wp-json\/wp\/v2\/product\/4509","targetHints":{"allow":["GET"]}}],"collection":[{"href":"https:\/\/gioielleriamonilia.it\/index.php\/wp-json\/wp\/v2\/product"}],"about":[{"href":"https:\/\/gioielleriamonilia.it\/index.php\/wp-json\/wp\/v2\/types\/product"}],"wp:featuredmedia":[{"embeddable":true,"href":"https:\/\/gioielleriamonilia.it\/index.php\/wp-json\/wp\/v2\/media\/4511"}],"wp:attachment":[{"href":"https:\/\/gioielleriamonilia.it\/index.php\/wp-json\/wp\/v2\/media?parent=4509"}],"wp:term":[{"taxonomy":"pwb-brand","embeddable":true,"href":"https:\/\/gioielleriamonilia.it\/index.php\/wp-json\/wp\/v2\/pwb-brand?post=4509"},{"taxonomy":"product_brand","embeddable":true,"href":"https:\/\/gioielleriamonilia.it\/index.php\/wp-json\/wp\/v2\/product_brand?post=4509"},{"taxonomy":"product_cat","embeddable":true,"href":"https:\/\/gioielleriamonilia.it\/index.php\/wp-json\/wp\/v2\/product_cat?post=4509"},{"taxonomy":"product_tag","embeddable":true,"href":"https:\/\/gioielleriamonilia.it\/index.php\/wp-json\/wp\/v2\/product_tag?post=4509"}],"curies":[{"name":"wp","href":"https:\/\/api.w.org\/{rel}","templated":true}]}}