{"id":4520,"date":"2024-04-09T19:44:31","date_gmt":"2024-04-09T17:44:31","guid":{"rendered":"https:\/\/gioielleriamonilia.it\/?post_type=product&#038;p=4520"},"modified":"2024-04-09T19:44:32","modified_gmt":"2024-04-09T17:44:32","slug":"guess-orologio-fame-gw0508l1","status":"publish","type":"product","link":"https:\/\/gioielleriamonilia.it\/index.php\/prodotto\/guess-orologio-fame-gw0508l1\/","title":{"rendered":"Guess orologio Fame GW0508L1"},"content":{"rendered":"<p>Guess orologio Fame GW0508L1<\/p>\n<p>Orologio solo tempo da donna di Guess della collezione fame.Orologio con resistenza all&#8217;acqua fino a 10m. Il quadrante \u00e8 acciaio con finitura Sunray. La cassa \u00e8 di 34mm di colore oro con finitura lucida realizzata in acciaio inossidabile con cristalli. Il cinturino \u00e8 di colore Nero con finitura Liscia e realizzato in Acciaio inossidabile. La chiusura \u00e8 Auto regolabile. Movimento: quarzo. Display: Analogico. La referenza \u00e8 GW0508L1<\/p>\n<div class=\"prodotto__descrizione-valori \">Questo solo tempo verr\u00e0 spedito con Scatola Originale Guess<\/div>\n<p>&nbsp;<\/p>\n","protected":false},"excerpt":{"rendered":"<ul>\n<li>Acciaio inossidabile<\/li>\n<li>Cassa 34mm<\/li>\n<li>Impermeabilit\u00e0 10atm<\/li>\n<li>Garanzia 24 mesi<\/li>\n<\/ul>\n","protected":false},"featured_media":4522,"template":"","meta":{"om_disable_all_campaigns":false,"_uf_show_specific_survey":0,"_uf_disable_surveys":false},"pwb-brand":[331],"product_brand":[],"product_cat":[412,414,367,323,415,131,233],"product_tag":[333,544],"class_list":{"0":"post-4520","1":"product","2":"type-product","3":"status-publish","4":"has-post-thumbnail","6":"pwb-brand-guess","7":"product_cat-comunioni-cresime","8":"product_cat-femminuccia","9":"product_cat-festa-della-mamma","10":"product_cat-guess","11":"product_cat-orologi-comunioni-cresime","12":"product_cat-orologi","13":"product_cat-orologi-donna","14":"product_tag-guess","15":"product_tag-gw0508l1","16":"description-off","18":"first","19":"instock","20":"sale","21":"taxable","22":"shipping-taxable","23":"purchasable","24":"product-type-simple"},"aioseo_notices":[],"brands":[{"id":331,"name":"guess","slug":"guess"}],"_links":{"self":[{"href":"https:\/\/gioielleriamonilia.it\/index.php\/wp-json\/wp\/v2\/product\/4520","targetHints":{"allow":["GET"]}}],"collection":[{"href":"https:\/\/gioielleriamonilia.it\/index.php\/wp-json\/wp\/v2\/product"}],"about":[{"href":"https:\/\/gioielleriamonilia.it\/index.php\/wp-json\/wp\/v2\/types\/product"}],"wp:featuredmedia":[{"embeddable":true,"href":"https:\/\/gioielleriamonilia.it\/index.php\/wp-json\/wp\/v2\/media\/4522"}],"wp:attachment":[{"href":"https:\/\/gioielleriamonilia.it\/index.php\/wp-json\/wp\/v2\/media?parent=4520"}],"wp:term":[{"taxonomy":"pwb-brand","embeddable":true,"href":"https:\/\/gioielleriamonilia.it\/index.php\/wp-json\/wp\/v2\/pwb-brand?post=4520"},{"taxonomy":"product_brand","embeddable":true,"href":"https:\/\/gioielleriamonilia.it\/index.php\/wp-json\/wp\/v2\/product_brand?post=4520"},{"taxonomy":"product_cat","embeddable":true,"href":"https:\/\/gioielleriamonilia.it\/index.php\/wp-json\/wp\/v2\/product_cat?post=4520"},{"taxonomy":"product_tag","embeddable":true,"href":"https:\/\/gioielleriamonilia.it\/index.php\/wp-json\/wp\/v2\/product_tag?post=4520"}],"curies":[{"name":"wp","href":"https:\/\/api.w.org\/{rel}","templated":true}]}}