{"id":4603,"date":"2024-04-09T23:38:10","date_gmt":"2024-04-09T21:38:10","guid":{"rendered":"https:\/\/gioielleriamonilia.it\/?post_type=product&#038;p=4603"},"modified":"2024-09-28T11:31:00","modified_gmt":"2024-09-28T09:31:00","slug":"festina-orologio-retro-f16573-9","status":"publish","type":"product","link":"https:\/\/gioielleriamonilia.it\/index.php\/prodotto\/festina-orologio-retro-f16573-9\/","title":{"rendered":"Festina orologio Retro F16573\/9"},"content":{"rendered":"<p>Festina orologio Retro F16573\/9<\/p>\n<p>Orologio Multifunzione Da Uomo Di Festina Della Collezione Retro. Modello Con Cassa In Acciaio Di Forma Rotonda, Diametro 45 Mm, E Indici Applicati. Questo Orologio Ha Cinturino In Pelle. La Resistenza All&#8217;Acqua \u00c8 Di 5 Atmosfere E Il Movimento \u00c8 M6P73. La Referenza \u00c8 F16573\/9<\/p>\n<div class=\"prodotto__descrizione-valori \">Questo multifunzione verr\u00e0 spedito con Scatola Originale Festina<\/div>\n","protected":false},"excerpt":{"rendered":"<ul>\n<li>Cassa 45mm<\/li>\n<li>Impermeabilit\u00e0 5atm<\/li>\n<li>Garanzia 24 mesi<\/li>\n<\/ul>\n","protected":false},"featured_media":4605,"template":"","meta":{"om_disable_all_campaigns":false,"_uf_show_specific_survey":0,"_uf_disable_surveys":false},"pwb-brand":[256],"product_brand":[],"product_cat":[255,131,264],"product_tag":[572,257,373,571,258],"class_list":{"0":"post-4603","1":"product","2":"type-product","3":"status-publish","4":"has-post-thumbnail","6":"pwb-brand-festina","7":"product_cat-festina","8":"product_cat-orologi","9":"product_cat-orologi-uomo","10":"product_tag-f16573-9","11":"product_tag-festina","12":"product_tag-multifunzione","13":"product_tag-ofrologio","14":"product_tag-uomo","15":"description-off","17":"first","18":"outofstock","19":"sale","20":"taxable","21":"shipping-taxable","22":"purchasable","23":"product-type-simple"},"aioseo_notices":[],"brands":[{"id":256,"name":"Festina","slug":"festina"}],"_links":{"self":[{"href":"https:\/\/gioielleriamonilia.it\/index.php\/wp-json\/wp\/v2\/product\/4603","targetHints":{"allow":["GET"]}}],"collection":[{"href":"https:\/\/gioielleriamonilia.it\/index.php\/wp-json\/wp\/v2\/product"}],"about":[{"href":"https:\/\/gioielleriamonilia.it\/index.php\/wp-json\/wp\/v2\/types\/product"}],"wp:featuredmedia":[{"embeddable":true,"href":"https:\/\/gioielleriamonilia.it\/index.php\/wp-json\/wp\/v2\/media\/4605"}],"wp:attachment":[{"href":"https:\/\/gioielleriamonilia.it\/index.php\/wp-json\/wp\/v2\/media?parent=4603"}],"wp:term":[{"taxonomy":"pwb-brand","embeddable":true,"href":"https:\/\/gioielleriamonilia.it\/index.php\/wp-json\/wp\/v2\/pwb-brand?post=4603"},{"taxonomy":"product_brand","embeddable":true,"href":"https:\/\/gioielleriamonilia.it\/index.php\/wp-json\/wp\/v2\/product_brand?post=4603"},{"taxonomy":"product_cat","embeddable":true,"href":"https:\/\/gioielleriamonilia.it\/index.php\/wp-json\/wp\/v2\/product_cat?post=4603"},{"taxonomy":"product_tag","embeddable":true,"href":"https:\/\/gioielleriamonilia.it\/index.php\/wp-json\/wp\/v2\/product_tag?post=4603"}],"curies":[{"name":"wp","href":"https:\/\/api.w.org\/{rel}","templated":true}]}}