{"id":4760,"date":"2024-04-12T15:44:42","date_gmt":"2024-04-12T13:44:42","guid":{"rendered":"https:\/\/gioielleriamonilia.it\/?post_type=product&#038;p=4760"},"modified":"2024-04-12T15:44:44","modified_gmt":"2024-04-12T13:44:44","slug":"festina-orologio-donna-f20622-f","status":"publish","type":"product","link":"https:\/\/gioielleriamonilia.it\/index.php\/prodotto\/festina-orologio-donna-f20622-f\/","title":{"rendered":"Festina orologio donna F20622\/F"},"content":{"rendered":"<p>Festina orologio donna F20622\/F per donna \u00e8 un vero gioiello dell&#8217;orologeria. La sua cassa in acciaio, dotata di un cinturino in acciaio, \u00e8 un esempio della qualit\u00e0 e della cura che Festina mette in ogni suo prodotto.<\/p>\n<p>Gli orologi Festina sono la perfetta combinazione di eleganza e funzionalit\u00e0, rendendoli una scelta ideale per qualsiasi occasione. Inoltre, il marchio si distingue per la sua costante innovazione tecnologica e la sua eccellente rapporto qualit\u00e0-prezzo.<\/p>\n<p>In definitiva, l&#8217;orologio Festina F20622\/F per donna \u00e8 un pezzo unico che non solo ti permetter\u00e0 di essere sempre puntuale, ma ti far\u00e0 anche apparire con stile e sofisticazione.<\/p>\n","protected":false},"excerpt":{"rendered":"<ul>\n<li>Cassa 36.8mm<\/li>\n<li>Impermeabilit\u00e0 5atm<\/li>\n<li>Garanzia 24 mesi<\/li>\n<\/ul>\n","protected":false},"featured_media":4762,"template":"","meta":{"om_disable_all_campaigns":false,"_uf_show_specific_survey":0,"_uf_disable_surveys":false},"pwb-brand":[256],"product_brand":[],"product_cat":[412,414,367,255,131,415,264],"product_tag":[229,611,257,228],"class_list":{"0":"post-4760","1":"product","2":"type-product","3":"status-publish","4":"has-post-thumbnail","6":"pwb-brand-festina","7":"product_cat-comunioni-cresime","8":"product_cat-femminuccia","9":"product_cat-festa-della-mamma","10":"product_cat-festina","11":"product_cat-orologi","12":"product_cat-orologi-comunioni-cresime","13":"product_cat-orologi-uomo","14":"product_tag-donna","15":"product_tag-f20622-f","16":"product_tag-festina","17":"product_tag-orologio","18":"description-off","20":"first","21":"instock","22":"sale","23":"taxable","24":"shipping-taxable","25":"purchasable","26":"product-type-simple"},"aioseo_notices":[],"brands":[{"id":256,"name":"Festina","slug":"festina"}],"_links":{"self":[{"href":"https:\/\/gioielleriamonilia.it\/index.php\/wp-json\/wp\/v2\/product\/4760","targetHints":{"allow":["GET"]}}],"collection":[{"href":"https:\/\/gioielleriamonilia.it\/index.php\/wp-json\/wp\/v2\/product"}],"about":[{"href":"https:\/\/gioielleriamonilia.it\/index.php\/wp-json\/wp\/v2\/types\/product"}],"wp:featuredmedia":[{"embeddable":true,"href":"https:\/\/gioielleriamonilia.it\/index.php\/wp-json\/wp\/v2\/media\/4762"}],"wp:attachment":[{"href":"https:\/\/gioielleriamonilia.it\/index.php\/wp-json\/wp\/v2\/media?parent=4760"}],"wp:term":[{"taxonomy":"pwb-brand","embeddable":true,"href":"https:\/\/gioielleriamonilia.it\/index.php\/wp-json\/wp\/v2\/pwb-brand?post=4760"},{"taxonomy":"product_brand","embeddable":true,"href":"https:\/\/gioielleriamonilia.it\/index.php\/wp-json\/wp\/v2\/product_brand?post=4760"},{"taxonomy":"product_cat","embeddable":true,"href":"https:\/\/gioielleriamonilia.it\/index.php\/wp-json\/wp\/v2\/product_cat?post=4760"},{"taxonomy":"product_tag","embeddable":true,"href":"https:\/\/gioielleriamonilia.it\/index.php\/wp-json\/wp\/v2\/product_tag?post=4760"}],"curies":[{"name":"wp","href":"https:\/\/api.w.org\/{rel}","templated":true}]}}