{"id":4767,"date":"2024-04-12T15:53:21","date_gmt":"2024-04-12T13:53:21","guid":{"rendered":"https:\/\/gioielleriamonilia.it\/?post_type=product&#038;p=4767"},"modified":"2025-08-19T18:20:15","modified_gmt":"2025-08-19T16:20:15","slug":"festina-orologio-uomo-f20531-4","status":"publish","type":"product","link":"https:\/\/gioielleriamonilia.it\/index.php\/prodotto\/festina-orologio-uomo-f20531-4\/","title":{"rendered":"Festina orologio uomo F20531\/4"},"content":{"rendered":"<p>Festina orologio uomo F20531\/4<\/p>\n<p>Festina orologio uomo F20531\/4 per uomo \u00e8 una vera opera d&#8217;arte. Con la sua cassa in acciaio e vetro zaffiro, questo orologio \u00e8 un esempio di alta qualit\u00e0 e sofisticazione. Inoltre, \u00e8 dotato di un cinturino in acciaio che gli conferisce un tocco di eleganza e distinzione.<\/p>\n<p>Gli orologi Festina sono riconosciuti per essere la perfetta combinazione di eleganza e funzionalit\u00e0. Ogni loro design \u00e8 un esempio di costante innovazione tecnologica e un&#8217;ottima relazione qualit\u00e0-prezzo. Festina \u00e8 un marchio che si preoccupa di offrire ai propri clienti il meglio del meglio, e questo orologio non fa eccezione. Se stai cercando un orologio che ti accompagni nei tuoi momenti pi\u00f9 importanti, il Festina F20531\/4 \u00e8 la scelta perfetta.<\/p>\n","protected":false},"excerpt":{"rendered":"<ul>\n<li>Cassa 44mm<\/li>\n<li>Impermeabilit\u00e0 20atm<\/li>\n<li>Automatico<\/li>\n<li>Garanzia 24 mesi<\/li>\n<\/ul>\n","protected":false},"featured_media":4769,"template":"","meta":{"om_disable_all_campaigns":false,"_uf_show_specific_survey":0,"_uf_disable_surveys":false},"pwb-brand":[256],"product_brand":[],"product_cat":[412,255,413,131,415,264],"product_tag":[386,613,257,228,258],"class_list":{"0":"post-4767","1":"product","2":"type-product","3":"status-publish","4":"has-post-thumbnail","6":"pwb-brand-festina","7":"product_cat-comunioni-cresime","8":"product_cat-festina","9":"product_cat-maschietto","10":"product_cat-orologi","11":"product_cat-orologi-comunioni-cresime","12":"product_cat-orologi-uomo","13":"product_tag-automatico","14":"product_tag-f20531-4","15":"product_tag-festina","16":"product_tag-orologio","17":"product_tag-uomo","18":"description-off","20":"first","21":"outofstock","22":"sale","23":"taxable","24":"shipping-taxable","25":"purchasable","26":"product-type-simple"},"aioseo_notices":[],"brands":[{"id":256,"name":"Festina","slug":"festina"}],"_links":{"self":[{"href":"https:\/\/gioielleriamonilia.it\/index.php\/wp-json\/wp\/v2\/product\/4767","targetHints":{"allow":["GET"]}}],"collection":[{"href":"https:\/\/gioielleriamonilia.it\/index.php\/wp-json\/wp\/v2\/product"}],"about":[{"href":"https:\/\/gioielleriamonilia.it\/index.php\/wp-json\/wp\/v2\/types\/product"}],"wp:featuredmedia":[{"embeddable":true,"href":"https:\/\/gioielleriamonilia.it\/index.php\/wp-json\/wp\/v2\/media\/4769"}],"wp:attachment":[{"href":"https:\/\/gioielleriamonilia.it\/index.php\/wp-json\/wp\/v2\/media?parent=4767"}],"wp:term":[{"taxonomy":"pwb-brand","embeddable":true,"href":"https:\/\/gioielleriamonilia.it\/index.php\/wp-json\/wp\/v2\/pwb-brand?post=4767"},{"taxonomy":"product_brand","embeddable":true,"href":"https:\/\/gioielleriamonilia.it\/index.php\/wp-json\/wp\/v2\/product_brand?post=4767"},{"taxonomy":"product_cat","embeddable":true,"href":"https:\/\/gioielleriamonilia.it\/index.php\/wp-json\/wp\/v2\/product_cat?post=4767"},{"taxonomy":"product_tag","embeddable":true,"href":"https:\/\/gioielleriamonilia.it\/index.php\/wp-json\/wp\/v2\/product_tag?post=4767"}],"curies":[{"name":"wp","href":"https:\/\/api.w.org\/{rel}","templated":true}]}}