{"id":4931,"date":"2024-04-12T23:26:36","date_gmt":"2024-04-12T21:26:36","guid":{"rendered":"https:\/\/gioielleriamonilia.it\/?post_type=product&#038;p=4931"},"modified":"2024-04-12T23:27:26","modified_gmt":"2024-04-12T21:27:26","slug":"orologio-meccanico-uomo-philip-watch-anniversary-r8221150006","status":"publish","type":"product","link":"https:\/\/gioielleriamonilia.it\/index.php\/prodotto\/orologio-meccanico-uomo-philip-watch-anniversary-r8221150006\/","title":{"rendered":"Orologio meccanico uomo Philip Watch Anniversary R8221150006"},"content":{"rendered":"<p>Orologio meccanico uomo Philip Watch Anniversary R8221150006<\/p>\n<p>Orologio automatico da uomo di Philip Watch della collezione anniversary. Orologio con cassa in acciaio della dimensione di 40mm. Il cinturino \u00e8 in pelle naturale nera e il quadrante \u00e8 di colore silver con vetro minerale. Questo modello ha un movimento automatico e la resistenza all&#8217;acqua \u00e8 10 atm. La referenza \u00e8 r8221150003<\/p>\n<div class=\"prodotto__descrizione-valori \">Questo meccanico verr\u00e0 spedito con Scatola Originale Philip Watch<\/div>\n","protected":false},"excerpt":{"rendered":"<ul>\n<li>Dimensione cassa 40mm<\/li>\n<li>Impermeabilit\u00e0 10atm<\/li>\n<li>Automatico<\/li>\n<li>Swiss Made<\/li>\n<li>Garanzia 24 mesi<\/li>\n<\/ul>\n","protected":false},"featured_media":4933,"template":"","meta":{"om_disable_all_campaigns":false,"_uf_show_specific_survey":0,"_uf_disable_surveys":false},"pwb-brand":[648],"product_brand":[],"product_cat":[412,413,415,131,264,325],"product_tag":[666,386,674,228,653,675,258],"class_list":{"0":"post-4931","1":"product","2":"type-product","3":"status-publish","4":"has-post-thumbnail","6":"pwb-brand-philip-watch","7":"product_cat-comunioni-cresime","8":"product_cat-maschietto","9":"product_cat-orologi-comunioni-cresime","10":"product_cat-orologi","11":"product_cat-orologi-uomo","12":"product_cat-philip-watch","13":"product_tag-anniversary","14":"product_tag-automatico","15":"product_tag-meccanico","16":"product_tag-orologio","17":"product_tag-philip-watch","18":"product_tag-r8221150006","19":"product_tag-uomo","20":"description-off","22":"first","23":"instock","24":"sale","25":"taxable","26":"shipping-taxable","27":"purchasable","28":"product-type-simple"},"aioseo_notices":[],"brands":[{"id":648,"name":"Philip Watch","slug":"philip-watch"}],"_links":{"self":[{"href":"https:\/\/gioielleriamonilia.it\/index.php\/wp-json\/wp\/v2\/product\/4931","targetHints":{"allow":["GET"]}}],"collection":[{"href":"https:\/\/gioielleriamonilia.it\/index.php\/wp-json\/wp\/v2\/product"}],"about":[{"href":"https:\/\/gioielleriamonilia.it\/index.php\/wp-json\/wp\/v2\/types\/product"}],"wp:featuredmedia":[{"embeddable":true,"href":"https:\/\/gioielleriamonilia.it\/index.php\/wp-json\/wp\/v2\/media\/4933"}],"wp:attachment":[{"href":"https:\/\/gioielleriamonilia.it\/index.php\/wp-json\/wp\/v2\/media?parent=4931"}],"wp:term":[{"taxonomy":"pwb-brand","embeddable":true,"href":"https:\/\/gioielleriamonilia.it\/index.php\/wp-json\/wp\/v2\/pwb-brand?post=4931"},{"taxonomy":"product_brand","embeddable":true,"href":"https:\/\/gioielleriamonilia.it\/index.php\/wp-json\/wp\/v2\/product_brand?post=4931"},{"taxonomy":"product_cat","embeddable":true,"href":"https:\/\/gioielleriamonilia.it\/index.php\/wp-json\/wp\/v2\/product_cat?post=4931"},{"taxonomy":"product_tag","embeddable":true,"href":"https:\/\/gioielleriamonilia.it\/index.php\/wp-json\/wp\/v2\/product_tag?post=4931"}],"curies":[{"name":"wp","href":"https:\/\/api.w.org\/{rel}","templated":true}]}}