{"id":5467,"date":"2024-04-24T23:10:46","date_gmt":"2024-04-24T21:10:46","guid":{"rendered":"https:\/\/gioielleriamonilia.it\/?post_type=product&#038;p=5467"},"modified":"2024-04-24T23:10:48","modified_gmt":"2024-04-24T21:10:48","slug":"bracciale-uomo-gioielli-luca-barra-ba1694","status":"publish","type":"product","link":"https:\/\/gioielleriamonilia.it\/index.php\/prodotto\/bracciale-uomo-gioielli-luca-barra-ba1694\/","title":{"rendered":"Bracciale uomo gioielli Luca Barra BA1694"},"content":{"rendered":"<p>Bracciale uomo gioielli Luca Barra BA1694<\/p>\n<p>Bracciale Uomo in acciaio, del brand Luca Barra con pietra lapis blu. Lunghezza: 19 + 3 cm. Misura elemento grande: 6 x 4 mm. Spessore catena: 3,5 mm. La pietra lapis blu, con la sua intensit\u00e0 di colore e la connessione alla saggezza interiore, \u00e8 spesso associata alla tranquillit\u00e0 mentale e alla chiarezza spirituale. Esplora l&#8217;eleganza raffinata e l&#8217;armonia spirituale con il Bracciale Uomo in acciaio, del brand Luca Barra con Pietra Lapis Blu. Un gioiello charms unisce la solidit\u00e0 dell&#8217;acciaio, del brand Luca Barra alla profondit\u00e0 simbolica della lapis blu, perfetto per charms cerca un equilibrio tra stile e connessione spirituale.BA1694.<\/p>\n<div class=\"prodotto__descrizione-valori \">Questo bracciale verr\u00e0 spedito con Scatola Originale Luca Barra<\/div>\n","protected":false},"excerpt":{"rendered":"<ul>\n<li>Acciaio<\/li>\n<li>Misura 19 + 3 cm<\/li>\n<\/ul>\n","protected":false},"featured_media":5469,"template":"","meta":{"om_disable_all_campaigns":false,"_uf_show_specific_survey":0,"_uf_disable_surveys":false},"pwb-brand":[267],"product_brand":[],"product_cat":[416,250,412,132,269,413,254],"product_tag":[320,833,198,711,258],"class_list":{"0":"post-5467","1":"product","2":"type-product","3":"status-publish","4":"has-post-thumbnail","6":"pwb-brand-luca-barra","7":"product_cat-bracciali-comunioni-cresime","8":"product_cat-bracciali","9":"product_cat-comunioni-cresime","10":"product_cat-gioielli-fashion","11":"product_cat-luca-barra","12":"product_cat-maschietto","13":"product_cat-uomo","14":"product_tag-acciaio","15":"product_tag-ba1694","16":"product_tag-bracciale","17":"product_tag-luca-barra","18":"product_tag-uomo","19":"description-off","21":"first","22":"instock","23":"taxable","24":"shipping-taxable","25":"purchasable","26":"product-type-simple"},"aioseo_notices":[],"brands":[{"id":267,"name":"Luca Barra","slug":"luca-barra"}],"_links":{"self":[{"href":"https:\/\/gioielleriamonilia.it\/index.php\/wp-json\/wp\/v2\/product\/5467","targetHints":{"allow":["GET"]}}],"collection":[{"href":"https:\/\/gioielleriamonilia.it\/index.php\/wp-json\/wp\/v2\/product"}],"about":[{"href":"https:\/\/gioielleriamonilia.it\/index.php\/wp-json\/wp\/v2\/types\/product"}],"wp:featuredmedia":[{"embeddable":true,"href":"https:\/\/gioielleriamonilia.it\/index.php\/wp-json\/wp\/v2\/media\/5469"}],"wp:attachment":[{"href":"https:\/\/gioielleriamonilia.it\/index.php\/wp-json\/wp\/v2\/media?parent=5467"}],"wp:term":[{"taxonomy":"pwb-brand","embeddable":true,"href":"https:\/\/gioielleriamonilia.it\/index.php\/wp-json\/wp\/v2\/pwb-brand?post=5467"},{"taxonomy":"product_brand","embeddable":true,"href":"https:\/\/gioielleriamonilia.it\/index.php\/wp-json\/wp\/v2\/product_brand?post=5467"},{"taxonomy":"product_cat","embeddable":true,"href":"https:\/\/gioielleriamonilia.it\/index.php\/wp-json\/wp\/v2\/product_cat?post=5467"},{"taxonomy":"product_tag","embeddable":true,"href":"https:\/\/gioielleriamonilia.it\/index.php\/wp-json\/wp\/v2\/product_tag?post=5467"}],"curies":[{"name":"wp","href":"https:\/\/api.w.org\/{rel}","templated":true}]}}