{"id":5542,"date":"2024-04-25T00:38:33","date_gmt":"2024-04-24T22:38:33","guid":{"rendered":"https:\/\/gioielleriamonilia.it\/?post_type=product&#038;p=5542"},"modified":"2025-11-10T11:50:05","modified_gmt":"2025-11-10T10:50:05","slug":"bracciale-donna-gioielli-luca-barra-bk2610","status":"publish","type":"product","link":"https:\/\/gioielleriamonilia.it\/index.php\/prodotto\/bracciale-donna-gioielli-luca-barra-bk2610\/","title":{"rendered":"Bracciale donna gioielli Luca Barra BK2610"},"content":{"rendered":"<p>Bracciale donna gioielli Luca Barra BK2610<\/p>\n<p>Bracciale Donna in acciaio, del brand Luca Barra pendenti con agata rosa e cristallo rosa. Lunghezza: 16 + 3,5 cm. Misura ciondolo: 5 x 7 mm. Misura agata: 3 mm. Misura sfere: 2 mm. Le pietre di Agata Rosa, con la loro tonalit\u00e0 tenera e romantica, portano un senso di calma e amore al tuo polso. Ogni pietra \u00e8 unica, aggiungendo un tocco di autenticit\u00e0 e individualit\u00e0 al bracciale. I cristalli rosa, disposti con cura nei pendenti, aggiungono una brillantezza delicata charms cattura l&#8217;attenzione.BK2610.<\/p>\n<div class=\"prodotto__descrizione-valori \">Questo bracciale verr\u00e0 spedito con Scatola Originale Luca Barra<\/div>\n","protected":false},"excerpt":{"rendered":"<ul>\n<li>Acciaio<\/li>\n<li>Misura 16+3,5 cm<\/li>\n<\/ul>\n","protected":false},"featured_media":5544,"template":"","meta":{"om_disable_all_campaigns":false,"_uf_show_specific_survey":0,"_uf_disable_surveys":false},"pwb-brand":[267],"product_brand":[],"product_cat":[416,250,412,253,414,367,132,269],"product_tag":[320,858,198,229,711],"class_list":{"0":"post-5542","1":"product","2":"type-product","3":"status-publish","4":"has-post-thumbnail","6":"pwb-brand-luca-barra","7":"product_cat-bracciali-comunioni-cresime","8":"product_cat-bracciali","9":"product_cat-comunioni-cresime","10":"product_cat-donna-gioielli-fashion","11":"product_cat-femminuccia","12":"product_cat-festa-della-mamma","13":"product_cat-gioielli-fashion","14":"product_cat-luca-barra","15":"product_tag-acciaio","16":"product_tag-bk2610","17":"product_tag-bracciale","18":"product_tag-donna","19":"product_tag-luca-barra","20":"description-off","22":"first","23":"instock","24":"taxable","25":"shipping-taxable","26":"purchasable","27":"product-type-simple"},"aioseo_notices":[],"brands":[{"id":267,"name":"Luca Barra","slug":"luca-barra"}],"_links":{"self":[{"href":"https:\/\/gioielleriamonilia.it\/index.php\/wp-json\/wp\/v2\/product\/5542","targetHints":{"allow":["GET"]}}],"collection":[{"href":"https:\/\/gioielleriamonilia.it\/index.php\/wp-json\/wp\/v2\/product"}],"about":[{"href":"https:\/\/gioielleriamonilia.it\/index.php\/wp-json\/wp\/v2\/types\/product"}],"wp:featuredmedia":[{"embeddable":true,"href":"https:\/\/gioielleriamonilia.it\/index.php\/wp-json\/wp\/v2\/media\/5544"}],"wp:attachment":[{"href":"https:\/\/gioielleriamonilia.it\/index.php\/wp-json\/wp\/v2\/media?parent=5542"}],"wp:term":[{"taxonomy":"pwb-brand","embeddable":true,"href":"https:\/\/gioielleriamonilia.it\/index.php\/wp-json\/wp\/v2\/pwb-brand?post=5542"},{"taxonomy":"product_brand","embeddable":true,"href":"https:\/\/gioielleriamonilia.it\/index.php\/wp-json\/wp\/v2\/product_brand?post=5542"},{"taxonomy":"product_cat","embeddable":true,"href":"https:\/\/gioielleriamonilia.it\/index.php\/wp-json\/wp\/v2\/product_cat?post=5542"},{"taxonomy":"product_tag","embeddable":true,"href":"https:\/\/gioielleriamonilia.it\/index.php\/wp-json\/wp\/v2\/product_tag?post=5542"}],"curies":[{"name":"wp","href":"https:\/\/api.w.org\/{rel}","templated":true}]}}