{"id":5557,"date":"2024-04-25T00:52:14","date_gmt":"2024-04-24T22:52:14","guid":{"rendered":"https:\/\/gioielleriamonilia.it\/?post_type=product&#038;p=5557"},"modified":"2025-09-08T19:31:11","modified_gmt":"2025-09-08T17:31:11","slug":"bracciale-donna-gioielli-luca-barra-bk2618","status":"publish","type":"product","link":"https:\/\/gioielleriamonilia.it\/index.php\/prodotto\/bracciale-donna-gioielli-luca-barra-bk2618\/","title":{"rendered":"Bracciale donna gioielli Luca Barra BK2618"},"content":{"rendered":"<p>Bracciale donna gioielli Luca Barra BK2618<\/p>\n<p>Bracciale Donna in acciaio, del brand Luca Barra con farfalle e cristalli bianchi. Lunghezza: 16 + 3,5 cm. Misura farfalla: 5 x 5 mm. Misura cristallo: 4 mm. Il design del bracciale presenta farfalle finemente lavorate, intervallate da cristalli bianchi charms aggiungono luminosit\u00e0 e raffinatezza. Indossalo da solo per un tocco di leggerezza discreta o abbinalo ad altri gioielli per uno stile pi\u00f9 audace e stratificato. Il Bracciale Donna in acciaio, del brand Luca Barra con Farfalle e Cristalli Bianchi \u00e8 perfetto per charms cerca un accessorio charms unisca eleganza e simbolismo.BK2618.<\/p>\n<div class=\"prodotto__descrizione-valori \">Questo bracciale verr\u00e0 spedito con Scatola Originale Luca Barra<\/div>\n","protected":false},"excerpt":{"rendered":"<ul>\n<li>Acciaio<\/li>\n<li>Misura 16+3,5 cm<\/li>\n<\/ul>\n","protected":false},"featured_media":5559,"template":"","meta":{"om_disable_all_campaigns":false,"_uf_show_specific_survey":0,"_uf_disable_surveys":false},"pwb-brand":[267],"product_brand":[],"product_cat":[250,416,412,253,414,367,132,269],"product_tag":[320,863,198,229,711],"class_list":{"0":"post-5557","1":"product","2":"type-product","3":"status-publish","4":"has-post-thumbnail","6":"pwb-brand-luca-barra","7":"product_cat-bracciali","8":"product_cat-bracciali-comunioni-cresime","9":"product_cat-comunioni-cresime","10":"product_cat-donna-gioielli-fashion","11":"product_cat-femminuccia","12":"product_cat-festa-della-mamma","13":"product_cat-gioielli-fashion","14":"product_cat-luca-barra","15":"product_tag-acciaio","16":"product_tag-bk2618","17":"product_tag-bracciale","18":"product_tag-donna","19":"product_tag-luca-barra","20":"description-off","22":"first","23":"outofstock","24":"taxable","25":"shipping-taxable","26":"purchasable","27":"product-type-simple"},"aioseo_notices":[],"brands":[{"id":267,"name":"Luca Barra","slug":"luca-barra"}],"_links":{"self":[{"href":"https:\/\/gioielleriamonilia.it\/index.php\/wp-json\/wp\/v2\/product\/5557","targetHints":{"allow":["GET"]}}],"collection":[{"href":"https:\/\/gioielleriamonilia.it\/index.php\/wp-json\/wp\/v2\/product"}],"about":[{"href":"https:\/\/gioielleriamonilia.it\/index.php\/wp-json\/wp\/v2\/types\/product"}],"wp:featuredmedia":[{"embeddable":true,"href":"https:\/\/gioielleriamonilia.it\/index.php\/wp-json\/wp\/v2\/media\/5559"}],"wp:attachment":[{"href":"https:\/\/gioielleriamonilia.it\/index.php\/wp-json\/wp\/v2\/media?parent=5557"}],"wp:term":[{"taxonomy":"pwb-brand","embeddable":true,"href":"https:\/\/gioielleriamonilia.it\/index.php\/wp-json\/wp\/v2\/pwb-brand?post=5557"},{"taxonomy":"product_brand","embeddable":true,"href":"https:\/\/gioielleriamonilia.it\/index.php\/wp-json\/wp\/v2\/product_brand?post=5557"},{"taxonomy":"product_cat","embeddable":true,"href":"https:\/\/gioielleriamonilia.it\/index.php\/wp-json\/wp\/v2\/product_cat?post=5557"},{"taxonomy":"product_tag","embeddable":true,"href":"https:\/\/gioielleriamonilia.it\/index.php\/wp-json\/wp\/v2\/product_tag?post=5557"}],"curies":[{"name":"wp","href":"https:\/\/api.w.org\/{rel}","templated":true}]}}