{"id":5829,"date":"2024-04-26T18:13:20","date_gmt":"2024-04-26T16:13:20","guid":{"rendered":"https:\/\/gioielleriamonilia.it\/?post_type=product&#038;p=5829"},"modified":"2024-04-26T18:13:21","modified_gmt":"2024-04-26T16:13:21","slug":"bracciale-bambina-gioielli-luca-barra-jb200","status":"publish","type":"product","link":"https:\/\/gioielleriamonilia.it\/index.php\/prodotto\/bracciale-bambina-gioielli-luca-barra-jb200\/","title":{"rendered":"Bracciale bambina gioielli Luca Barra JB200"},"content":{"rendered":"<p>Bracciale bambina gioielli Luca Barra JB200<\/p>\n<p>Bracciale Bambina in acciaio, del brand Luca Barra con stella con cristallo bianco. Lunghezza: 14 + 2 cm. Diametro stella: 10 mm. Spessore catena: 4 mm. Illumina il polso della tua piccola stellina con il nostro Bracciale Bambina in acciaio, del brand Luca Barra con Stella e Cristallo Bianco. Questo grazioso bracciale \u00e8 pi\u00f9 di un semplice accessorio; \u00e8 un simbolo scintillante di eleganza giovanile e di ogni singola stella in crescita.JB200.<\/p>\n<div class=\"prodotto__descrizione-valori \">Questo bracciale verr\u00e0 spedito con Scatola Originale Luca Barra<\/div>\n","protected":false},"excerpt":{"rendered":"<ul>\n<li>Acciaio<\/li>\n<\/ul>\n","protected":false},"featured_media":5831,"template":"","meta":{"om_disable_all_campaigns":false,"_uf_show_specific_survey":0,"_uf_disable_surveys":false},"pwb-brand":[267],"product_brand":[],"product_cat":[887,416,250,412,414,132,269],"product_tag":[320,906,198,950,711],"class_list":{"0":"post-5829","1":"product","2":"type-product","3":"status-publish","4":"has-post-thumbnail","6":"pwb-brand-luca-barra","7":"product_cat-bambini","8":"product_cat-bracciali-comunioni-cresime","9":"product_cat-bracciali","10":"product_cat-comunioni-cresime","11":"product_cat-femminuccia","12":"product_cat-gioielli-fashion","13":"product_cat-luca-barra","14":"product_tag-acciaio","15":"product_tag-bambina","16":"product_tag-bracciale","17":"product_tag-jb200","18":"product_tag-luca-barra","19":"description-off","21":"first","22":"instock","23":"taxable","24":"shipping-taxable","25":"purchasable","26":"product-type-simple"},"aioseo_notices":[],"brands":[{"id":267,"name":"Luca Barra","slug":"luca-barra"}],"_links":{"self":[{"href":"https:\/\/gioielleriamonilia.it\/index.php\/wp-json\/wp\/v2\/product\/5829","targetHints":{"allow":["GET"]}}],"collection":[{"href":"https:\/\/gioielleriamonilia.it\/index.php\/wp-json\/wp\/v2\/product"}],"about":[{"href":"https:\/\/gioielleriamonilia.it\/index.php\/wp-json\/wp\/v2\/types\/product"}],"wp:featuredmedia":[{"embeddable":true,"href":"https:\/\/gioielleriamonilia.it\/index.php\/wp-json\/wp\/v2\/media\/5831"}],"wp:attachment":[{"href":"https:\/\/gioielleriamonilia.it\/index.php\/wp-json\/wp\/v2\/media?parent=5829"}],"wp:term":[{"taxonomy":"pwb-brand","embeddable":true,"href":"https:\/\/gioielleriamonilia.it\/index.php\/wp-json\/wp\/v2\/pwb-brand?post=5829"},{"taxonomy":"product_brand","embeddable":true,"href":"https:\/\/gioielleriamonilia.it\/index.php\/wp-json\/wp\/v2\/product_brand?post=5829"},{"taxonomy":"product_cat","embeddable":true,"href":"https:\/\/gioielleriamonilia.it\/index.php\/wp-json\/wp\/v2\/product_cat?post=5829"},{"taxonomy":"product_tag","embeddable":true,"href":"https:\/\/gioielleriamonilia.it\/index.php\/wp-json\/wp\/v2\/product_tag?post=5829"}],"curies":[{"name":"wp","href":"https:\/\/api.w.org\/{rel}","templated":true}]}}