{"id":5958,"date":"2024-04-26T20:07:33","date_gmt":"2024-04-26T18:07:33","guid":{"rendered":"https:\/\/gioielleriamonilia.it\/?post_type=product&#038;p=5958"},"modified":"2024-12-16T20:08:49","modified_gmt":"2024-12-16T19:08:49","slug":"collana-donna-gioielli-luca-barra-ck1970","status":"publish","type":"product","link":"https:\/\/gioielleriamonilia.it\/index.php\/prodotto\/collana-donna-gioielli-luca-barra-ck1970\/","title":{"rendered":"Collana donna gioielli Luca Barra CK1970"},"content":{"rendered":"<p>Collana donna gioielli Luca Barra CK1970<\/p>\n<p>Collana Donna in acciaio con cuore e zircone bianco. Lunghezza 40+5 cm. Misura cuore 10&#215;9 mm. Misura zircone 5mm. Questa bellissima collana donna incarna l&#8217;eleganza e la delicatezza in un unico gioiello. Il pendente a forma di cuore \u00e8 il fulcro del design, simbolo dell&#8217;amore e della passione, reso ancora pi\u00f9 affascinante dalla presenza di un cristallo bianco laterale. Elegante, romantica e senza tempo, questa collana \u00e8 un simbolo di amore e stile.<\/p>\n<div class=\"prodotto__descrizione-valori \">Questo collana verr\u00e0 spedito con Scatola Originale Luca Barra<\/div>\n","protected":false},"excerpt":{"rendered":"<ul>\n<li>Acciaio<\/li>\n<\/ul>\n","protected":false},"featured_media":5961,"template":"","meta":{"om_disable_all_campaigns":false,"_uf_show_specific_survey":0,"_uf_disable_surveys":false},"pwb-brand":[267],"product_brand":[],"product_cat":[249,418,412,253,414,367,132,269],"product_tag":[320,991,157,229,711],"class_list":{"0":"post-5958","1":"product","2":"type-product","3":"status-publish","4":"has-post-thumbnail","6":"pwb-brand-luca-barra","7":"product_cat-collane-gioielli-fashion","8":"product_cat-collanine","9":"product_cat-comunioni-cresime","10":"product_cat-donna-gioielli-fashion","11":"product_cat-femminuccia","12":"product_cat-festa-della-mamma","13":"product_cat-gioielli-fashion","14":"product_cat-luca-barra","15":"product_tag-acciaio","16":"product_tag-ck1970","17":"product_tag-collana","18":"product_tag-donna","19":"product_tag-luca-barra","20":"description-off","22":"first","23":"outofstock","24":"taxable","25":"shipping-taxable","26":"purchasable","27":"product-type-simple"},"aioseo_notices":[],"brands":[{"id":267,"name":"Luca Barra","slug":"luca-barra"}],"_links":{"self":[{"href":"https:\/\/gioielleriamonilia.it\/index.php\/wp-json\/wp\/v2\/product\/5958","targetHints":{"allow":["GET"]}}],"collection":[{"href":"https:\/\/gioielleriamonilia.it\/index.php\/wp-json\/wp\/v2\/product"}],"about":[{"href":"https:\/\/gioielleriamonilia.it\/index.php\/wp-json\/wp\/v2\/types\/product"}],"wp:featuredmedia":[{"embeddable":true,"href":"https:\/\/gioielleriamonilia.it\/index.php\/wp-json\/wp\/v2\/media\/5961"}],"wp:attachment":[{"href":"https:\/\/gioielleriamonilia.it\/index.php\/wp-json\/wp\/v2\/media?parent=5958"}],"wp:term":[{"taxonomy":"pwb-brand","embeddable":true,"href":"https:\/\/gioielleriamonilia.it\/index.php\/wp-json\/wp\/v2\/pwb-brand?post=5958"},{"taxonomy":"product_brand","embeddable":true,"href":"https:\/\/gioielleriamonilia.it\/index.php\/wp-json\/wp\/v2\/product_brand?post=5958"},{"taxonomy":"product_cat","embeddable":true,"href":"https:\/\/gioielleriamonilia.it\/index.php\/wp-json\/wp\/v2\/product_cat?post=5958"},{"taxonomy":"product_tag","embeddable":true,"href":"https:\/\/gioielleriamonilia.it\/index.php\/wp-json\/wp\/v2\/product_tag?post=5958"}],"curies":[{"name":"wp","href":"https:\/\/api.w.org\/{rel}","templated":true}]}}