{"id":6050,"date":"2024-04-27T00:42:30","date_gmt":"2024-04-26T22:42:30","guid":{"rendered":"https:\/\/gioielleriamonilia.it\/?post_type=product&#038;p=6050"},"modified":"2025-11-10T11:48:22","modified_gmt":"2025-11-10T10:48:22","slug":"collana-donna-gioielli-luca-barra-ck1987","status":"publish","type":"product","link":"https:\/\/gioielleriamonilia.it\/index.php\/prodotto\/collana-donna-gioielli-luca-barra-ck1987\/","title":{"rendered":"Collana donna gioielli Luca Barra CK1987"},"content":{"rendered":"<p>Collana donna gioielli Luca Barra CK1987<\/p>\n<p>Collana Donna in acciaio, del brand Luca Barra pendenti con agata rosa e cristallo rosa. Lunghezza: 40 + 5 cm. Misura ciondolo: 5 x 7 mm. Misura agata: 3 mm. Misura sfere: 2 mm. Le pietre di Agata Bianca, con la loro luminosit\u00e0 e tonalit\u00e0 chiare, aggiungono una sensazione di freschezza e purezza. Ogni pietra \u00e8 unica, portando con s\u00e9 la sua unicit\u00e0 e fascino naturale. I cristalli Aurora Boreale, delicatamente collocati nei pendenti, creano un effetto di bagliore cangiante charms cattura l&#8217;attenzione con la magica danza di colori.CK1987.<\/p>\n<div class=\"prodotto__descrizione-valori \">Questo collana verr\u00e0 spedito con Scatola Originale Luca Barra<\/div>\n","protected":false},"excerpt":{"rendered":"<ul>\n<li>Acciaio<\/li>\n<li>Cristalli rosa<\/li>\n<li>Misura 40 + 5 cm<\/li>\n<\/ul>\n","protected":false},"featured_media":6052,"template":"","meta":{"om_disable_all_campaigns":false,"_uf_show_specific_survey":0,"_uf_disable_surveys":false},"pwb-brand":[267],"product_brand":[],"product_cat":[249,418,412,253,414,367,132,269],"product_tag":[320,1020,157,826,229,711],"class_list":{"0":"post-6050","1":"product","2":"type-product","3":"status-publish","4":"has-post-thumbnail","6":"pwb-brand-luca-barra","7":"product_cat-collane-gioielli-fashion","8":"product_cat-collanine","9":"product_cat-comunioni-cresime","10":"product_cat-donna-gioielli-fashion","11":"product_cat-femminuccia","12":"product_cat-festa-della-mamma","13":"product_cat-gioielli-fashion","14":"product_cat-luca-barra","15":"product_tag-acciaio","16":"product_tag-ck1987","17":"product_tag-collana","18":"product_tag-cristalli","19":"product_tag-donna","20":"product_tag-luca-barra","21":"description-off","23":"first","24":"instock","25":"taxable","26":"shipping-taxable","27":"purchasable","28":"product-type-simple"},"aioseo_notices":[],"brands":[{"id":267,"name":"Luca Barra","slug":"luca-barra"}],"_links":{"self":[{"href":"https:\/\/gioielleriamonilia.it\/index.php\/wp-json\/wp\/v2\/product\/6050","targetHints":{"allow":["GET"]}}],"collection":[{"href":"https:\/\/gioielleriamonilia.it\/index.php\/wp-json\/wp\/v2\/product"}],"about":[{"href":"https:\/\/gioielleriamonilia.it\/index.php\/wp-json\/wp\/v2\/types\/product"}],"wp:featuredmedia":[{"embeddable":true,"href":"https:\/\/gioielleriamonilia.it\/index.php\/wp-json\/wp\/v2\/media\/6052"}],"wp:attachment":[{"href":"https:\/\/gioielleriamonilia.it\/index.php\/wp-json\/wp\/v2\/media?parent=6050"}],"wp:term":[{"taxonomy":"pwb-brand","embeddable":true,"href":"https:\/\/gioielleriamonilia.it\/index.php\/wp-json\/wp\/v2\/pwb-brand?post=6050"},{"taxonomy":"product_brand","embeddable":true,"href":"https:\/\/gioielleriamonilia.it\/index.php\/wp-json\/wp\/v2\/product_brand?post=6050"},{"taxonomy":"product_cat","embeddable":true,"href":"https:\/\/gioielleriamonilia.it\/index.php\/wp-json\/wp\/v2\/product_cat?post=6050"},{"taxonomy":"product_tag","embeddable":true,"href":"https:\/\/gioielleriamonilia.it\/index.php\/wp-json\/wp\/v2\/product_tag?post=6050"}],"curies":[{"name":"wp","href":"https:\/\/api.w.org\/{rel}","templated":true}]}}