{"id":6271,"date":"2024-04-29T21:39:34","date_gmt":"2024-04-29T19:39:34","guid":{"rendered":"https:\/\/gioielleriamonilia.it\/?post_type=product&#038;p=6271"},"modified":"2025-05-23T12:52:45","modified_gmt":"2025-05-23T10:52:45","slug":"orologio-sector-r3273617004","status":"publish","type":"product","link":"https:\/\/gioielleriamonilia.it\/index.php\/prodotto\/orologio-sector-r3273617004\/","title":{"rendered":"Orologio Sector R3273617004"},"content":{"rendered":"<p>Orologio Sector R3273617004<\/p>\n<p>Orologio da uomo cronografo di Sector della collezione 660. Realizzato in acciaio con cinturino di colore acciaio, la misura della cassa \u00e8 41mm con vetro minerale. La resistenza all&#8217;acqua \u00e8 5 ATM. La referenza \u00e8 R3273617004.<\/p>\n<div class=\"prodotto__descrizione-valori \">Questo solo tempo verr\u00e0 spedito con Scatola Originale Sector<\/div>\n","protected":false},"excerpt":{"rendered":"<ul>\n<li>cassa 43mm<\/li>\n<li>Impermeabilit\u00e0 5 atm<\/li>\n<\/ul>\n","protected":false},"featured_media":6273,"template":"","meta":{"om_disable_all_campaigns":false,"_uf_show_specific_survey":0,"_uf_disable_surveys":false},"pwb-brand":[383],"product_brand":[],"product_cat":[412,413,415,131,264,382],"product_tag":[228,1074,384,258],"class_list":{"0":"post-6271","1":"product","2":"type-product","3":"status-publish","4":"has-post-thumbnail","6":"pwb-brand-sector","7":"product_cat-comunioni-cresime","8":"product_cat-maschietto","9":"product_cat-orologi-comunioni-cresime","10":"product_cat-orologi","11":"product_cat-orologi-uomo","12":"product_cat-sector-orologi","13":"product_tag-orologio","14":"product_tag-r3273617004","15":"product_tag-sector","16":"product_tag-uomo","17":"description-off","19":"first","20":"outofstock","21":"taxable","22":"shipping-taxable","23":"purchasable","24":"product-type-simple"},"aioseo_notices":[],"brands":[{"id":383,"name":"Sector","slug":"sector"}],"_links":{"self":[{"href":"https:\/\/gioielleriamonilia.it\/index.php\/wp-json\/wp\/v2\/product\/6271","targetHints":{"allow":["GET"]}}],"collection":[{"href":"https:\/\/gioielleriamonilia.it\/index.php\/wp-json\/wp\/v2\/product"}],"about":[{"href":"https:\/\/gioielleriamonilia.it\/index.php\/wp-json\/wp\/v2\/types\/product"}],"wp:featuredmedia":[{"embeddable":true,"href":"https:\/\/gioielleriamonilia.it\/index.php\/wp-json\/wp\/v2\/media\/6273"}],"wp:attachment":[{"href":"https:\/\/gioielleriamonilia.it\/index.php\/wp-json\/wp\/v2\/media?parent=6271"}],"wp:term":[{"taxonomy":"pwb-brand","embeddable":true,"href":"https:\/\/gioielleriamonilia.it\/index.php\/wp-json\/wp\/v2\/pwb-brand?post=6271"},{"taxonomy":"product_brand","embeddable":true,"href":"https:\/\/gioielleriamonilia.it\/index.php\/wp-json\/wp\/v2\/product_brand?post=6271"},{"taxonomy":"product_cat","embeddable":true,"href":"https:\/\/gioielleriamonilia.it\/index.php\/wp-json\/wp\/v2\/product_cat?post=6271"},{"taxonomy":"product_tag","embeddable":true,"href":"https:\/\/gioielleriamonilia.it\/index.php\/wp-json\/wp\/v2\/product_tag?post=6271"}],"curies":[{"name":"wp","href":"https:\/\/api.w.org\/{rel}","templated":true}]}}