{"id":6314,"date":"2024-04-29T22:46:15","date_gmt":"2024-04-29T20:46:15","guid":{"rendered":"https:\/\/gioielleriamonilia.it\/?post_type=product&#038;p=6314"},"modified":"2024-04-29T22:46:16","modified_gmt":"2024-04-29T20:46:16","slug":"orologio-cronografo-sector-r3273676003","status":"publish","type":"product","link":"https:\/\/gioielleriamonilia.it\/index.php\/prodotto\/orologio-cronografo-sector-r3273676003\/","title":{"rendered":"Orologio cronografo Sector R3273676003"},"content":{"rendered":"<p>Orologio cronografo Sector R3273676003<\/p>\n<p>Orologio Sector uomo. L&#8217;orologio \u00e8 un cronografo; l&#8217;orologio ha la cassa in acciaio di color acciaio. Il quadrante \u00e8 di colore nero e la forma della cassa rotonda, il diametro della cassa \u00e8 di mm 43. L&#8217;orologio ha un cinturino in acciaiodi color acciaio. Il movimento dell&#8217;orologio \u00e8: quarzo, l&#8217;orologio presenta il datario: si. La resistenza dell&#8217;orologio \u00e8 di atm 5. Novit\u00e0 settembre 2015, referenza: r3273676003<\/p>\n<div class=\"prodotto__descrizione-valori \">Questo cronografo verr\u00e0 spedito con Scatola Originale Sector<\/div>\n","protected":false},"excerpt":{"rendered":"<ul>\n<li>Cronografo<\/li>\n<li>Cassa 43mm<\/li>\n<li>Impermeabilit\u00e0 5atm<\/li>\n<\/ul>\n","protected":false},"featured_media":6316,"template":"","meta":{"om_disable_all_campaigns":false,"_uf_show_specific_survey":0,"_uf_disable_surveys":false},"pwb-brand":[383],"product_brand":[],"product_cat":[412,413,415,131,264,382],"product_tag":[564,228,1089,384,258],"class_list":{"0":"post-6314","1":"product","2":"type-product","3":"status-publish","4":"has-post-thumbnail","6":"pwb-brand-sector","7":"product_cat-comunioni-cresime","8":"product_cat-maschietto","9":"product_cat-orologi-comunioni-cresime","10":"product_cat-orologi","11":"product_cat-orologi-uomo","12":"product_cat-sector-orologi","13":"product_tag-cronografo","14":"product_tag-orologio","15":"product_tag-r3273676003","16":"product_tag-sector","17":"product_tag-uomo","18":"description-off","20":"first","21":"instock","22":"sale","23":"taxable","24":"shipping-taxable","25":"purchasable","26":"product-type-simple"},"aioseo_notices":[],"brands":[{"id":383,"name":"Sector","slug":"sector"}],"_links":{"self":[{"href":"https:\/\/gioielleriamonilia.it\/index.php\/wp-json\/wp\/v2\/product\/6314","targetHints":{"allow":["GET"]}}],"collection":[{"href":"https:\/\/gioielleriamonilia.it\/index.php\/wp-json\/wp\/v2\/product"}],"about":[{"href":"https:\/\/gioielleriamonilia.it\/index.php\/wp-json\/wp\/v2\/types\/product"}],"wp:featuredmedia":[{"embeddable":true,"href":"https:\/\/gioielleriamonilia.it\/index.php\/wp-json\/wp\/v2\/media\/6316"}],"wp:attachment":[{"href":"https:\/\/gioielleriamonilia.it\/index.php\/wp-json\/wp\/v2\/media?parent=6314"}],"wp:term":[{"taxonomy":"pwb-brand","embeddable":true,"href":"https:\/\/gioielleriamonilia.it\/index.php\/wp-json\/wp\/v2\/pwb-brand?post=6314"},{"taxonomy":"product_brand","embeddable":true,"href":"https:\/\/gioielleriamonilia.it\/index.php\/wp-json\/wp\/v2\/product_brand?post=6314"},{"taxonomy":"product_cat","embeddable":true,"href":"https:\/\/gioielleriamonilia.it\/index.php\/wp-json\/wp\/v2\/product_cat?post=6314"},{"taxonomy":"product_tag","embeddable":true,"href":"https:\/\/gioielleriamonilia.it\/index.php\/wp-json\/wp\/v2\/product_tag?post=6314"}],"curies":[{"name":"wp","href":"https:\/\/api.w.org\/{rel}","templated":true}]}}