{"id":6317,"date":"2024-04-29T22:50:33","date_gmt":"2024-04-29T20:50:33","guid":{"rendered":"https:\/\/gioielleriamonilia.it\/?post_type=product&#038;p=6317"},"modified":"2024-04-29T22:50:34","modified_gmt":"2024-04-29T20:50:34","slug":"orologio-sector-r3253579517","status":"publish","type":"product","link":"https:\/\/gioielleriamonilia.it\/index.php\/prodotto\/orologio-sector-r3253579517\/","title":{"rendered":"Orologio  Sector R3253579517"},"content":{"rendered":"<p>Orologio Sector R3253579517<\/p>\n<p>Orologio Sector donna. L&#8217;orologio \u00e8 un solo tempo con tre lancette; l&#8217;orologio ha la cassa in acciaio di color acciaio. Il quadrante \u00e8 di colore blu e la forma della cassa rotonda, il diametro della cassa \u00e8 di mm 32. L&#8217;orologio ha un cinturino in acciaiodi color acciaio. Il movimento dell&#8217;orologio \u00e8: quarzo, l&#8217;orologio presenta il datario: si. La resistenza dell&#8217;orologio \u00e8 di atm 5.<\/p>\n<div class=\"prodotto__descrizione-valori \">Questo solo tempo verr\u00e0 spedito con Scatola Originale Sector<\/div>\n","protected":false},"excerpt":{"rendered":"<ul>\n<li>Cassa 43mm<\/li>\n<li>Impermeabilit\u00e0 5atm<\/li>\n<\/ul>\n","protected":false},"featured_media":6319,"template":"","meta":{"om_disable_all_campaigns":false,"_uf_show_specific_survey":0,"_uf_disable_surveys":false},"pwb-brand":[383],"product_brand":[],"product_cat":[131,233,382],"product_tag":[229,228,1090,384],"class_list":{"0":"post-6317","1":"product","2":"type-product","3":"status-publish","4":"has-post-thumbnail","6":"pwb-brand-sector","7":"product_cat-orologi","8":"product_cat-orologi-donna","9":"product_cat-sector-orologi","10":"product_tag-donna","11":"product_tag-orologio","12":"product_tag-r3253579517","13":"product_tag-sector","14":"description-off","16":"first","17":"instock","18":"sale","19":"taxable","20":"shipping-taxable","21":"purchasable","22":"product-type-simple"},"aioseo_notices":[],"brands":[{"id":383,"name":"Sector","slug":"sector"}],"_links":{"self":[{"href":"https:\/\/gioielleriamonilia.it\/index.php\/wp-json\/wp\/v2\/product\/6317","targetHints":{"allow":["GET"]}}],"collection":[{"href":"https:\/\/gioielleriamonilia.it\/index.php\/wp-json\/wp\/v2\/product"}],"about":[{"href":"https:\/\/gioielleriamonilia.it\/index.php\/wp-json\/wp\/v2\/types\/product"}],"wp:featuredmedia":[{"embeddable":true,"href":"https:\/\/gioielleriamonilia.it\/index.php\/wp-json\/wp\/v2\/media\/6319"}],"wp:attachment":[{"href":"https:\/\/gioielleriamonilia.it\/index.php\/wp-json\/wp\/v2\/media?parent=6317"}],"wp:term":[{"taxonomy":"pwb-brand","embeddable":true,"href":"https:\/\/gioielleriamonilia.it\/index.php\/wp-json\/wp\/v2\/pwb-brand?post=6317"},{"taxonomy":"product_brand","embeddable":true,"href":"https:\/\/gioielleriamonilia.it\/index.php\/wp-json\/wp\/v2\/product_brand?post=6317"},{"taxonomy":"product_cat","embeddable":true,"href":"https:\/\/gioielleriamonilia.it\/index.php\/wp-json\/wp\/v2\/product_cat?post=6317"},{"taxonomy":"product_tag","embeddable":true,"href":"https:\/\/gioielleriamonilia.it\/index.php\/wp-json\/wp\/v2\/product_tag?post=6317"}],"curies":[{"name":"wp","href":"https:\/\/api.w.org\/{rel}","templated":true}]}}