{"id":6518,"date":"2024-05-02T10:48:04","date_gmt":"2024-05-02T08:48:04","guid":{"rendered":"https:\/\/gioielleriamonilia.it\/?post_type=product&#038;p=6518"},"modified":"2024-05-02T10:48:06","modified_gmt":"2024-05-02T08:48:06","slug":"guess-orologio-uomo-emperor-gw0573g1","status":"publish","type":"product","link":"https:\/\/gioielleriamonilia.it\/index.php\/prodotto\/guess-orologio-uomo-emperor-gw0573g1\/","title":{"rendered":"Guess orologio uomo Emperor GW0573G1"},"content":{"rendered":"<p>Guess orologio uomo Emperor GW0573G1<\/p>\n<p>Orologio da uomo del brand Guess. Gioiello realizzato in acciaio inossidabile e quadrante blu con cassa di diametro 42mm e forma tonda. Il cinturino \u00e8 in acciaio inossidabile e chiusura a d\u00e9ployante. Movimento al quarzo, display analogico e impermeabile fino a 50 m. La referenza \u00e8 1684052<\/p>\n<div class=\"prodotto__descrizione-valori \">Questo solo tempo verr\u00e0 spedito con Scatola Originale Guess. Garanzia 24 mesi<\/div>\n","protected":false},"excerpt":{"rendered":"<ul>\n<li>Cassa 42mm<\/li>\n<li>Impermeabilit\u00e0 5atm<\/li>\n<li>Garanzia 24 mesi<\/li>\n<\/ul>\n","protected":false},"featured_media":6520,"template":"","meta":{"om_disable_all_campaigns":false,"_uf_show_specific_survey":0,"_uf_disable_surveys":false},"pwb-brand":[331],"product_brand":[],"product_cat":[323,131,264],"product_tag":[1171,333,1172,228,258],"class_list":{"0":"post-6518","1":"product","2":"type-product","3":"status-publish","4":"has-post-thumbnail","6":"pwb-brand-guess","7":"product_cat-guess","8":"product_cat-orologi","9":"product_cat-orologi-uomo","10":"product_tag-emperor","11":"product_tag-guess","12":"product_tag-gw0573g1","13":"product_tag-orologio","14":"product_tag-uomo","15":"description-off","17":"first","18":"instock","19":"sale","20":"taxable","21":"shipping-taxable","22":"purchasable","23":"product-type-simple"},"aioseo_notices":[],"brands":[{"id":331,"name":"guess","slug":"guess"}],"_links":{"self":[{"href":"https:\/\/gioielleriamonilia.it\/index.php\/wp-json\/wp\/v2\/product\/6518","targetHints":{"allow":["GET"]}}],"collection":[{"href":"https:\/\/gioielleriamonilia.it\/index.php\/wp-json\/wp\/v2\/product"}],"about":[{"href":"https:\/\/gioielleriamonilia.it\/index.php\/wp-json\/wp\/v2\/types\/product"}],"wp:featuredmedia":[{"embeddable":true,"href":"https:\/\/gioielleriamonilia.it\/index.php\/wp-json\/wp\/v2\/media\/6520"}],"wp:attachment":[{"href":"https:\/\/gioielleriamonilia.it\/index.php\/wp-json\/wp\/v2\/media?parent=6518"}],"wp:term":[{"taxonomy":"pwb-brand","embeddable":true,"href":"https:\/\/gioielleriamonilia.it\/index.php\/wp-json\/wp\/v2\/pwb-brand?post=6518"},{"taxonomy":"product_brand","embeddable":true,"href":"https:\/\/gioielleriamonilia.it\/index.php\/wp-json\/wp\/v2\/product_brand?post=6518"},{"taxonomy":"product_cat","embeddable":true,"href":"https:\/\/gioielleriamonilia.it\/index.php\/wp-json\/wp\/v2\/product_cat?post=6518"},{"taxonomy":"product_tag","embeddable":true,"href":"https:\/\/gioielleriamonilia.it\/index.php\/wp-json\/wp\/v2\/product_tag?post=6518"}],"curies":[{"name":"wp","href":"https:\/\/api.w.org\/{rel}","templated":true}]}}