{"id":6546,"date":"2024-05-02T11:59:24","date_gmt":"2024-05-02T09:59:24","guid":{"rendered":"https:\/\/gioielleriamonilia.it\/?post_type=product&#038;p=6546"},"modified":"2024-05-02T11:59:26","modified_gmt":"2024-05-02T09:59:26","slug":"guess-orologio-donna-unity-gw0589l1","status":"publish","type":"product","link":"https:\/\/gioielleriamonilia.it\/index.php\/prodotto\/guess-orologio-donna-unity-gw0589l1\/","title":{"rendered":"GUESS Orologio Donna UNITY GW0589L1"},"content":{"rendered":"<p>GUESS Orologio Donna UNITY GW0589L1<\/p>\n<p>Questo orologio Guess ha una cassa in Inox con un diametro di 40 mm ed \u00e8 dotato di un cinturino in gomma. All&#8217;interno della cassa si trova un movimento di Seiko e l&#8217;orologio \u00e8 dotato di un cristallo di Minerale.<\/p>\n<p>L&#8217;orologio \u00e8 impermeabile a 5ATM. Questo significa che l&#8217;orologio \u00e8 adatto per la doccia. L&#8217;orologio \u00e8 fornito con 2 Anni di garanzia.<\/p>\n","protected":false},"excerpt":{"rendered":"<ul>\n<li>Cassa 40mm<\/li>\n<li>Impermeabilit\u00e0 5atm<\/li>\n<li>Garanzia 24 mesi<\/li>\n<\/ul>\n","protected":false},"featured_media":6548,"template":"","meta":{"om_disable_all_campaigns":false,"_uf_show_specific_survey":0,"_uf_disable_surveys":false},"pwb-brand":[331],"product_brand":[],"product_cat":[412,414,367,323,131,415,233],"product_tag":[229,333,1182,228,1181],"class_list":{"0":"post-6546","1":"product","2":"type-product","3":"status-publish","4":"has-post-thumbnail","6":"pwb-brand-guess","7":"product_cat-comunioni-cresime","8":"product_cat-femminuccia","9":"product_cat-festa-della-mamma","10":"product_cat-guess","11":"product_cat-orologi","12":"product_cat-orologi-comunioni-cresime","13":"product_cat-orologi-donna","14":"product_tag-donna","15":"product_tag-guess","16":"product_tag-gw0589l1","17":"product_tag-orologio","18":"product_tag-unity","19":"description-off","21":"first","22":"instock","23":"sale","24":"taxable","25":"shipping-taxable","26":"purchasable","27":"product-type-simple"},"aioseo_notices":[],"brands":[{"id":331,"name":"guess","slug":"guess"}],"_links":{"self":[{"href":"https:\/\/gioielleriamonilia.it\/index.php\/wp-json\/wp\/v2\/product\/6546","targetHints":{"allow":["GET"]}}],"collection":[{"href":"https:\/\/gioielleriamonilia.it\/index.php\/wp-json\/wp\/v2\/product"}],"about":[{"href":"https:\/\/gioielleriamonilia.it\/index.php\/wp-json\/wp\/v2\/types\/product"}],"wp:featuredmedia":[{"embeddable":true,"href":"https:\/\/gioielleriamonilia.it\/index.php\/wp-json\/wp\/v2\/media\/6548"}],"wp:attachment":[{"href":"https:\/\/gioielleriamonilia.it\/index.php\/wp-json\/wp\/v2\/media?parent=6546"}],"wp:term":[{"taxonomy":"pwb-brand","embeddable":true,"href":"https:\/\/gioielleriamonilia.it\/index.php\/wp-json\/wp\/v2\/pwb-brand?post=6546"},{"taxonomy":"product_brand","embeddable":true,"href":"https:\/\/gioielleriamonilia.it\/index.php\/wp-json\/wp\/v2\/product_brand?post=6546"},{"taxonomy":"product_cat","embeddable":true,"href":"https:\/\/gioielleriamonilia.it\/index.php\/wp-json\/wp\/v2\/product_cat?post=6546"},{"taxonomy":"product_tag","embeddable":true,"href":"https:\/\/gioielleriamonilia.it\/index.php\/wp-json\/wp\/v2\/product_tag?post=6546"}],"curies":[{"name":"wp","href":"https:\/\/api.w.org\/{rel}","templated":true}]}}