{"id":6553,"date":"2024-05-02T12:06:33","date_gmt":"2024-05-02T10:06:33","guid":{"rendered":"https:\/\/gioielleriamonilia.it\/?post_type=product&#038;p=6553"},"modified":"2026-01-02T22:19:26","modified_gmt":"2026-01-02T21:19:26","slug":"guess-orologio-donna-aurora-w1288l1","status":"publish","type":"product","link":"https:\/\/gioielleriamonilia.it\/index.php\/prodotto\/guess-orologio-donna-aurora-w1288l1\/","title":{"rendered":"Guess Orologio Donna Aurora W1288L1"},"content":{"rendered":"<p>Guess Orologio Donna Aurora W1288L1<\/p>\n<p>Questo orologio Guess ha una cassa in Inox con un diametro di 36.5 mm ed \u00e8 dotato di un cinturino in Metallo. All&#8217;interno della cassa si trova un movimento di Seiko e l&#8217;orologio \u00e8 dotato di un cristallo di Minerale.<\/p>\n<p>L&#8217;orologio \u00e8 impermeabile a 3ATM. Questo significa che l&#8217;orologio \u00e8 impermeabile agli spruzzi. L&#8217;orologio \u00e8 fornito con 2 Anni di garanzia.<\/p>\n","protected":false},"excerpt":{"rendered":"<ul>\n<li>Cassa 36.5mm<\/li>\n<li>Impermeabilit\u00e0 3atm<\/li>\n<li>Garanzia 24 mesi<\/li>\n<\/ul>\n","protected":false},"featured_media":6556,"template":"","meta":{"om_disable_all_campaigns":false,"_uf_show_specific_survey":0,"_uf_disable_surveys":false},"pwb-brand":[331],"product_brand":[],"product_cat":[367,323,131,233],"product_tag":[1184],"class_list":{"0":"post-6553","1":"product","2":"type-product","3":"status-publish","4":"has-post-thumbnail","6":"pwb-brand-guess","7":"product_cat-festa-della-mamma","8":"product_cat-guess","9":"product_cat-orologi","10":"product_cat-orologi-donna","11":"product_tag-guess-orologio-donna-aurora-w1288l1","12":"description-off","14":"first","15":"outofstock","16":"sale","17":"taxable","18":"shipping-taxable","19":"purchasable","20":"product-type-simple"},"aioseo_notices":[],"brands":[{"id":331,"name":"guess","slug":"guess"}],"_links":{"self":[{"href":"https:\/\/gioielleriamonilia.it\/index.php\/wp-json\/wp\/v2\/product\/6553","targetHints":{"allow":["GET"]}}],"collection":[{"href":"https:\/\/gioielleriamonilia.it\/index.php\/wp-json\/wp\/v2\/product"}],"about":[{"href":"https:\/\/gioielleriamonilia.it\/index.php\/wp-json\/wp\/v2\/types\/product"}],"wp:featuredmedia":[{"embeddable":true,"href":"https:\/\/gioielleriamonilia.it\/index.php\/wp-json\/wp\/v2\/media\/6556"}],"wp:attachment":[{"href":"https:\/\/gioielleriamonilia.it\/index.php\/wp-json\/wp\/v2\/media?parent=6553"}],"wp:term":[{"taxonomy":"pwb-brand","embeddable":true,"href":"https:\/\/gioielleriamonilia.it\/index.php\/wp-json\/wp\/v2\/pwb-brand?post=6553"},{"taxonomy":"product_brand","embeddable":true,"href":"https:\/\/gioielleriamonilia.it\/index.php\/wp-json\/wp\/v2\/product_brand?post=6553"},{"taxonomy":"product_cat","embeddable":true,"href":"https:\/\/gioielleriamonilia.it\/index.php\/wp-json\/wp\/v2\/product_cat?post=6553"},{"taxonomy":"product_tag","embeddable":true,"href":"https:\/\/gioielleriamonilia.it\/index.php\/wp-json\/wp\/v2\/product_tag?post=6553"}],"curies":[{"name":"wp","href":"https:\/\/api.w.org\/{rel}","templated":true}]}}