{"id":7375,"date":"2024-06-14T00:49:44","date_gmt":"2024-06-13T22:49:44","guid":{"rendered":"https:\/\/gioielleriamonilia.it\/?post_type=product&#038;p=7375"},"modified":"2025-05-14T16:52:19","modified_gmt":"2025-05-14T14:52:19","slug":"bracciale-unoaerre-catena-fantasia-000exb5084000-2488","status":"publish","type":"product","link":"https:\/\/gioielleriamonilia.it\/index.php\/prodotto\/bracciale-unoaerre-catena-fantasia-000exb5084000-2488\/","title":{"rendered":"Bracciale Unoaerre catena fantasia 000EXB5084000-2488"},"content":{"rendered":"<p>Bracciale Unoaerre catena fantasia 000EXB5084000-2488<\/p>\n<div class=\"product attribute overview\">\n<div class=\"value\">Bracciale catena alternata in maglia marina e rol\u00f2, 21,50 cm. Un bracciale uomo che coniuga design ed originalit\u00e0 unendo due grandi classici della moda catene: la maglia marina e la rol\u00f2. Un gioiello dall&#8217;incredibile versatilit\u00e0, perfetto sia con look casual che eleganti, vero e proprio passepartout di stile. Scopri la collezione ed abbinalo alla collana.<\/div>\n<\/div>\n","protected":false},"excerpt":{"rendered":"<ul>\n<li>Bronzo<\/li>\n<\/ul>\n","protected":false},"featured_media":7376,"template":"","meta":{"om_disable_all_campaigns":false,"_uf_show_specific_survey":0,"_uf_disable_surveys":false},"pwb-brand":[139],"product_brand":[2036],"product_cat":[250,132,1329,254],"product_tag":[1487,198,247,1338,1384,246,258],"class_list":{"0":"post-7375","1":"product","2":"type-product","3":"status-publish","4":"has-post-thumbnail","6":"pwb-brand-unoaerre","7":"product_brand-unoaerre","8":"product_cat-bracciali","9":"product_cat-gioielli-fashion","10":"product_cat-unoaerre-fashion","11":"product_cat-uomo","12":"product_tag-000exb5084000-2488","13":"product_tag-bracciale","14":"product_tag-bronzo","15":"product_tag-catena","16":"product_tag-fantasia","17":"product_tag-unoaerre","18":"product_tag-uomo","19":"description-off","21":"first","22":"instock","23":"sale","24":"taxable","25":"shipping-taxable","26":"purchasable","27":"product-type-simple"},"aioseo_notices":[],"brands":[{"id":139,"name":"Unoaerre","slug":"unoaerre"}],"_links":{"self":[{"href":"https:\/\/gioielleriamonilia.it\/index.php\/wp-json\/wp\/v2\/product\/7375","targetHints":{"allow":["GET"]}}],"collection":[{"href":"https:\/\/gioielleriamonilia.it\/index.php\/wp-json\/wp\/v2\/product"}],"about":[{"href":"https:\/\/gioielleriamonilia.it\/index.php\/wp-json\/wp\/v2\/types\/product"}],"wp:featuredmedia":[{"embeddable":true,"href":"https:\/\/gioielleriamonilia.it\/index.php\/wp-json\/wp\/v2\/media\/7376"}],"wp:attachment":[{"href":"https:\/\/gioielleriamonilia.it\/index.php\/wp-json\/wp\/v2\/media?parent=7375"}],"wp:term":[{"taxonomy":"pwb-brand","embeddable":true,"href":"https:\/\/gioielleriamonilia.it\/index.php\/wp-json\/wp\/v2\/pwb-brand?post=7375"},{"taxonomy":"product_brand","embeddable":true,"href":"https:\/\/gioielleriamonilia.it\/index.php\/wp-json\/wp\/v2\/product_brand?post=7375"},{"taxonomy":"product_cat","embeddable":true,"href":"https:\/\/gioielleriamonilia.it\/index.php\/wp-json\/wp\/v2\/product_cat?post=7375"},{"taxonomy":"product_tag","embeddable":true,"href":"https:\/\/gioielleriamonilia.it\/index.php\/wp-json\/wp\/v2\/product_tag?post=7375"}],"curies":[{"name":"wp","href":"https:\/\/api.w.org\/{rel}","templated":true}]}}