{"id":7753,"date":"2024-07-20T13:51:48","date_gmt":"2024-07-20T11:51:48","guid":{"rendered":"https:\/\/gioielleriamonilia.it\/?post_type=product&#038;p=7753"},"modified":"2024-07-20T16:48:34","modified_gmt":"2024-07-20T14:48:34","slug":"orologio-sector-uomo-r3273776010","status":"publish","type":"product","link":"https:\/\/gioielleriamonilia.it\/index.php\/prodotto\/orologio-sector-uomo-r3273776010\/","title":{"rendered":"Orologio Sector Uomo R3273776010"},"content":{"rendered":"<p>Orologio Sector Uomo R3273776010<br \/>\nOrologio da uomo cronografo di Sector della collezione 450. Realizzato in acciaio con cinturino di colore acciaio, la misura della cassa \u00e8 43mm con vetro minerale. La resistenza all&#8217;acqua \u00e8 10 ATM. La referenza \u00e8 R3273776010.<\/p>\n<div class=\"prodotto__descrizione-valori \">Questo solo tempo verr\u00e0 spedito con Scatola Originale Sector<\/div>\n","protected":false},"excerpt":{"rendered":"<ul>\n<li>Resistente all&#8217;acqua fino a 10 ATM.<\/li>\n<li>Cassa \u00e8 43mm.<\/li>\n<\/ul>\n","protected":false},"featured_media":7754,"template":"","meta":{"om_disable_all_campaigns":false,"_uf_show_specific_survey":0,"_uf_disable_surveys":false},"pwb-brand":[383],"product_brand":[],"product_cat":[131,264,382],"product_tag":[228,1611,384,258],"class_list":{"0":"post-7753","1":"product","2":"type-product","3":"status-publish","4":"has-post-thumbnail","6":"pwb-brand-sector","7":"product_cat-orologi","8":"product_cat-orologi-uomo","9":"product_cat-sector-orologi","10":"product_tag-orologio","11":"product_tag-r3273776010","12":"product_tag-sector","13":"product_tag-uomo","14":"description-off","16":"first","17":"instock","18":"sale","19":"taxable","20":"shipping-taxable","21":"purchasable","22":"product-type-simple"},"aioseo_notices":[],"brands":[{"id":383,"name":"Sector","slug":"sector"}],"_links":{"self":[{"href":"https:\/\/gioielleriamonilia.it\/index.php\/wp-json\/wp\/v2\/product\/7753","targetHints":{"allow":["GET"]}}],"collection":[{"href":"https:\/\/gioielleriamonilia.it\/index.php\/wp-json\/wp\/v2\/product"}],"about":[{"href":"https:\/\/gioielleriamonilia.it\/index.php\/wp-json\/wp\/v2\/types\/product"}],"wp:featuredmedia":[{"embeddable":true,"href":"https:\/\/gioielleriamonilia.it\/index.php\/wp-json\/wp\/v2\/media\/7754"}],"wp:attachment":[{"href":"https:\/\/gioielleriamonilia.it\/index.php\/wp-json\/wp\/v2\/media?parent=7753"}],"wp:term":[{"taxonomy":"pwb-brand","embeddable":true,"href":"https:\/\/gioielleriamonilia.it\/index.php\/wp-json\/wp\/v2\/pwb-brand?post=7753"},{"taxonomy":"product_brand","embeddable":true,"href":"https:\/\/gioielleriamonilia.it\/index.php\/wp-json\/wp\/v2\/product_brand?post=7753"},{"taxonomy":"product_cat","embeddable":true,"href":"https:\/\/gioielleriamonilia.it\/index.php\/wp-json\/wp\/v2\/product_cat?post=7753"},{"taxonomy":"product_tag","embeddable":true,"href":"https:\/\/gioielleriamonilia.it\/index.php\/wp-json\/wp\/v2\/product_tag?post=7753"}],"curies":[{"name":"wp","href":"https:\/\/api.w.org\/{rel}","templated":true}]}}