{"id":7758,"date":"2024-07-20T17:10:29","date_gmt":"2024-07-20T15:10:29","guid":{"rendered":"https:\/\/gioielleriamonilia.it\/?post_type=product&#038;p=7758"},"modified":"2025-01-08T17:51:33","modified_gmt":"2025-01-08T16:51:33","slug":"orologio-sector-uomo-r3273778004","status":"publish","type":"product","link":"https:\/\/gioielleriamonilia.it\/index.php\/prodotto\/orologio-sector-uomo-r3273778004\/","title":{"rendered":"Orologio Sector Uomo R3273778004"},"content":{"rendered":"<p>Orologio Sector Uomo R3273778004<br \/>\nOrologio Cronografo da uomo di Sector della collezione 270. Orologio tondo di 45mm. Orologio realizzato in acciaio con finitura blu con vetro minerale. La resistenza all&#8217;acqua \u00e8 di 5 atm. La referenza \u00e8 R3273778004<\/p>\n<div class=\"prodotto__descrizione-valori \">Questo cronografo verr\u00e0 spedito con Scatola Originale Sector<\/div>\n","protected":false},"excerpt":{"rendered":"<p>Orologio Sector Uomo R3273778004 Orologio Cronografo da uomo di Sector della collezione 270. Orologio tondo di 45mm. Orologio realizzato in acciaio con finitura blu con vetro minerale. La resistenza all&#8217;acqua \u00e8 di 5 atm. La referenza \u00e8 R3273778004 Questo cronografo verr\u00e0 spedito con Scatola Originale Sector<\/p>\n","protected":false},"featured_media":7759,"template":"","meta":{"om_disable_all_campaigns":false,"_uf_show_specific_survey":0,"_uf_disable_surveys":false},"pwb-brand":[383],"product_brand":[],"product_cat":[131,264,382],"product_tag":[228,1613,384,258],"class_list":{"0":"post-7758","1":"product","2":"type-product","3":"status-publish","4":"has-post-thumbnail","6":"pwb-brand-sector","7":"product_cat-orologi","8":"product_cat-orologi-uomo","9":"product_cat-sector-orologi","10":"product_tag-orologio","11":"product_tag-r3273778004","12":"product_tag-sector","13":"product_tag-uomo","14":"description-off","16":"first","17":"outofstock","18":"sale","19":"taxable","20":"shipping-taxable","21":"purchasable","22":"product-type-simple"},"aioseo_notices":[],"brands":[{"id":383,"name":"Sector","slug":"sector"}],"_links":{"self":[{"href":"https:\/\/gioielleriamonilia.it\/index.php\/wp-json\/wp\/v2\/product\/7758","targetHints":{"allow":["GET"]}}],"collection":[{"href":"https:\/\/gioielleriamonilia.it\/index.php\/wp-json\/wp\/v2\/product"}],"about":[{"href":"https:\/\/gioielleriamonilia.it\/index.php\/wp-json\/wp\/v2\/types\/product"}],"wp:featuredmedia":[{"embeddable":true,"href":"https:\/\/gioielleriamonilia.it\/index.php\/wp-json\/wp\/v2\/media\/7759"}],"wp:attachment":[{"href":"https:\/\/gioielleriamonilia.it\/index.php\/wp-json\/wp\/v2\/media?parent=7758"}],"wp:term":[{"taxonomy":"pwb-brand","embeddable":true,"href":"https:\/\/gioielleriamonilia.it\/index.php\/wp-json\/wp\/v2\/pwb-brand?post=7758"},{"taxonomy":"product_brand","embeddable":true,"href":"https:\/\/gioielleriamonilia.it\/index.php\/wp-json\/wp\/v2\/product_brand?post=7758"},{"taxonomy":"product_cat","embeddable":true,"href":"https:\/\/gioielleriamonilia.it\/index.php\/wp-json\/wp\/v2\/product_cat?post=7758"},{"taxonomy":"product_tag","embeddable":true,"href":"https:\/\/gioielleriamonilia.it\/index.php\/wp-json\/wp\/v2\/product_tag?post=7758"}],"curies":[{"name":"wp","href":"https:\/\/api.w.org\/{rel}","templated":true}]}}