{"id":7884,"date":"2024-09-13T17:26:29","date_gmt":"2024-09-13T15:26:29","guid":{"rendered":"https:\/\/gioielleriamonilia.it\/?post_type=product&#038;p=7884"},"modified":"2024-09-19T16:45:49","modified_gmt":"2024-09-19T14:45:49","slug":"orologio-philip-watch-donna-grace-r8253208519","status":"publish","type":"product","link":"https:\/\/gioielleriamonilia.it\/index.php\/prodotto\/orologio-philip-watch-donna-grace-r8253208519\/","title":{"rendered":"Orologio Philip Watch donna Grace R8253208519"},"content":{"rendered":"<p>Orologio Philip Watch donna Grace R8253208519<\/p>\n<p>Orologio solo tempo da donna di Philip Watch della collezione grace. Orologio con cassa in acciaio della dimensione di 32mm. Il cinturino \u00e8 in acciaio con diamanti naturali selezionati h\/i e il quadrante \u00e8 di colore bianco. Questo modello ha un movimento al quarzo e la resistenza all&#8217;acqua \u00e8 10 atm. La referenza \u00e8 r8253208507<\/p>\n<div class=\"prodotto__descrizione-valori \">Questo articolo verr\u00e0 spedito con Scatola Originale Philip Watch<\/div>\n","protected":false},"excerpt":{"rendered":"<ul>\n<li>Movimento Svizzero<\/li>\n<li>Diamanti selezionati<\/li>\n<li>Cassa 32mm<\/li>\n<li>Resistente all&#8217;acqua 10atm<\/li>\n<\/ul>\n","protected":false},"featured_media":7885,"template":"","meta":{"om_disable_all_campaigns":false,"_uf_show_specific_survey":0,"_uf_disable_surveys":false},"pwb-brand":[648],"product_brand":[],"product_cat":[131,233,325],"product_tag":[229,668,228,653,1668,538],"class_list":{"0":"post-7884","1":"product","2":"type-product","3":"status-publish","4":"has-post-thumbnail","6":"pwb-brand-philip-watch","7":"product_cat-orologi","8":"product_cat-orologi-donna","9":"product_cat-philip-watch","10":"product_tag-donna","11":"product_tag-grace","12":"product_tag-orologio","13":"product_tag-philip-watch","14":"product_tag-r8253208519","15":"product_tag-solo-tempo","16":"description-off","18":"first","19":"instock","20":"sale","21":"taxable","22":"shipping-taxable","23":"purchasable","24":"product-type-simple"},"aioseo_notices":[],"brands":[{"id":648,"name":"Philip Watch","slug":"philip-watch"}],"_links":{"self":[{"href":"https:\/\/gioielleriamonilia.it\/index.php\/wp-json\/wp\/v2\/product\/7884","targetHints":{"allow":["GET"]}}],"collection":[{"href":"https:\/\/gioielleriamonilia.it\/index.php\/wp-json\/wp\/v2\/product"}],"about":[{"href":"https:\/\/gioielleriamonilia.it\/index.php\/wp-json\/wp\/v2\/types\/product"}],"wp:featuredmedia":[{"embeddable":true,"href":"https:\/\/gioielleriamonilia.it\/index.php\/wp-json\/wp\/v2\/media\/7885"}],"wp:attachment":[{"href":"https:\/\/gioielleriamonilia.it\/index.php\/wp-json\/wp\/v2\/media?parent=7884"}],"wp:term":[{"taxonomy":"pwb-brand","embeddable":true,"href":"https:\/\/gioielleriamonilia.it\/index.php\/wp-json\/wp\/v2\/pwb-brand?post=7884"},{"taxonomy":"product_brand","embeddable":true,"href":"https:\/\/gioielleriamonilia.it\/index.php\/wp-json\/wp\/v2\/product_brand?post=7884"},{"taxonomy":"product_cat","embeddable":true,"href":"https:\/\/gioielleriamonilia.it\/index.php\/wp-json\/wp\/v2\/product_cat?post=7884"},{"taxonomy":"product_tag","embeddable":true,"href":"https:\/\/gioielleriamonilia.it\/index.php\/wp-json\/wp\/v2\/product_tag?post=7884"}],"curies":[{"name":"wp","href":"https:\/\/api.w.org\/{rel}","templated":true}]}}