{"id":7962,"date":"2024-09-26T15:27:24","date_gmt":"2024-09-26T13:27:24","guid":{"rendered":"https:\/\/gioielleriamonilia.it\/?post_type=product&#038;p=7962"},"modified":"2024-12-20T16:48:38","modified_gmt":"2024-12-20T15:48:38","slug":"orologio-uomo-tommy-hilfiger-bruce-1710670","status":"publish","type":"product","link":"https:\/\/gioielleriamonilia.it\/index.php\/prodotto\/orologio-uomo-tommy-hilfiger-bruce-1710670\/","title":{"rendered":"Orologio uomo Tommy Hilfiger Bruce 1710670"},"content":{"rendered":"<p>Orologio uomo Tommy Hilfiger Bruce 1710670<\/p>\n<p>Orologio da uomo di Tommy Hilfiger della collezione Bruce. La cassa \u00e8 in acciaio inossidabile di forma tonda e di colore argento. La dimensione della cassa \u00e8 di 44 mm e il quadrante \u00e8 di colore blu. Il cinturino \u00e8 in acciaio inossidabile 316L di colore argento. Il display \u00e8 analogico e il movimento \u00e8 3h. La resistenza all&#8217;acqua \u00e8 di 3 ATM. La referenza \u00e8: 1710670<\/p>\n<div class=\"prodotto__descrizione-valori \">Questo articolo verr\u00e0 spedito con Scatola Originale Tommy Hilfiger<\/div>\n","protected":false},"excerpt":{"rendered":"<ul>\n<li>Cassa 44mm<\/li>\n<li>Resistente all&#8217;acqua 3atm<\/li>\n<\/ul>\n","protected":false},"featured_media":7963,"template":"","meta":{"om_disable_all_campaigns":false,"_uf_show_specific_survey":0,"_uf_disable_surveys":false},"pwb-brand":[371],"product_brand":[],"product_cat":[131,264,324],"product_tag":[1692,320,1686,228,538,372,258],"class_list":{"0":"post-7962","1":"product","2":"type-product","3":"status-publish","4":"has-post-thumbnail","6":"pwb-brand-tommy-hilfiger","7":"product_cat-orologi","8":"product_cat-orologi-uomo","9":"product_cat-tommy-hilfiger","10":"product_tag-1692","11":"product_tag-acciaio","12":"product_tag-bruce","13":"product_tag-orologio","14":"product_tag-solo-tempo","15":"product_tag-tommy-hilfiger","16":"product_tag-uomo","17":"description-off","19":"first","20":"outofstock","21":"sale","22":"taxable","23":"shipping-taxable","24":"purchasable","25":"product-type-simple"},"aioseo_notices":[],"brands":[{"id":371,"name":"Tommy Hilfiger","slug":"tommy-hilfiger"}],"_links":{"self":[{"href":"https:\/\/gioielleriamonilia.it\/index.php\/wp-json\/wp\/v2\/product\/7962","targetHints":{"allow":["GET"]}}],"collection":[{"href":"https:\/\/gioielleriamonilia.it\/index.php\/wp-json\/wp\/v2\/product"}],"about":[{"href":"https:\/\/gioielleriamonilia.it\/index.php\/wp-json\/wp\/v2\/types\/product"}],"wp:featuredmedia":[{"embeddable":true,"href":"https:\/\/gioielleriamonilia.it\/index.php\/wp-json\/wp\/v2\/media\/7963"}],"wp:attachment":[{"href":"https:\/\/gioielleriamonilia.it\/index.php\/wp-json\/wp\/v2\/media?parent=7962"}],"wp:term":[{"taxonomy":"pwb-brand","embeddable":true,"href":"https:\/\/gioielleriamonilia.it\/index.php\/wp-json\/wp\/v2\/pwb-brand?post=7962"},{"taxonomy":"product_brand","embeddable":true,"href":"https:\/\/gioielleriamonilia.it\/index.php\/wp-json\/wp\/v2\/product_brand?post=7962"},{"taxonomy":"product_cat","embeddable":true,"href":"https:\/\/gioielleriamonilia.it\/index.php\/wp-json\/wp\/v2\/product_cat?post=7962"},{"taxonomy":"product_tag","embeddable":true,"href":"https:\/\/gioielleriamonilia.it\/index.php\/wp-json\/wp\/v2\/product_tag?post=7962"}],"curies":[{"name":"wp","href":"https:\/\/api.w.org\/{rel}","templated":true}]}}