{"id":8103,"date":"2024-10-02T11:04:30","date_gmt":"2024-10-02T09:04:30","guid":{"rendered":"https:\/\/gioielleriamonilia.it\/?post_type=product&#038;p=8103"},"modified":"2024-11-19T18:41:12","modified_gmt":"2024-11-19T17:41:12","slug":"orologio-cronografo-uomo-tommy-hilfiger-1710646","status":"publish","type":"product","link":"https:\/\/gioielleriamonilia.it\/index.php\/prodotto\/orologio-cronografo-uomo-tommy-hilfiger-1710646\/","title":{"rendered":"Orologio cronografo uomo Tommy Hilfiger 1710646"},"content":{"rendered":"<p>Orologio cronografo uomo Tommy Hilfiger 1710646<\/p>\n<p>Orologio da uomo di Tommy Hilfiger della collezione Baker. La cassa \u00e8 in acciaio inossidabile di forma tonda e di colore argento. La dimensione della cassa \u00e8 di 44 mm e il quadrante \u00e8 di colore canna di fucile. Il cinturino \u00e8 in acciaio inossidabile 316L di colore argento. Il display \u00e8 analogico e il movimento \u00e8 multifunzione. La resistenza all&#8217;acqua \u00e8 di 5 ATM. La referenza \u00e8: 1710646<\/p>\n<div class=\"prodotto__descrizione-valori \">Questo articolo verr\u00e0 spedito con Scatola Originale Tommy Hilfiger<\/div>\n","protected":false},"excerpt":{"rendered":"<ul>\n<li>Acciaio<\/li>\n<li>Cronografo<\/li>\n<li>Cassa 44mm<\/li>\n<\/ul>\n","protected":false},"featured_media":8104,"template":"","meta":{"om_disable_all_campaigns":false,"_uf_show_specific_survey":0,"_uf_disable_surveys":false},"pwb-brand":[371],"product_brand":[],"product_cat":[412,414,415,131,264,324],"product_tag":[1746,564,228,372,258],"class_list":{"0":"post-8103","1":"product","2":"type-product","3":"status-publish","4":"has-post-thumbnail","6":"pwb-brand-tommy-hilfiger","7":"product_cat-comunioni-cresime","8":"product_cat-femminuccia","9":"product_cat-orologi-comunioni-cresime","10":"product_cat-orologi","11":"product_cat-orologi-uomo","12":"product_cat-tommy-hilfiger","13":"product_tag-1746","14":"product_tag-cronografo","15":"product_tag-orologio","16":"product_tag-tommy-hilfiger","17":"product_tag-uomo","18":"description-off","20":"first","21":"outofstock","22":"sale","23":"taxable","24":"shipping-taxable","25":"purchasable","26":"product-type-simple"},"aioseo_notices":[],"brands":[{"id":371,"name":"Tommy Hilfiger","slug":"tommy-hilfiger"}],"_links":{"self":[{"href":"https:\/\/gioielleriamonilia.it\/index.php\/wp-json\/wp\/v2\/product\/8103","targetHints":{"allow":["GET"]}}],"collection":[{"href":"https:\/\/gioielleriamonilia.it\/index.php\/wp-json\/wp\/v2\/product"}],"about":[{"href":"https:\/\/gioielleriamonilia.it\/index.php\/wp-json\/wp\/v2\/types\/product"}],"wp:featuredmedia":[{"embeddable":true,"href":"https:\/\/gioielleriamonilia.it\/index.php\/wp-json\/wp\/v2\/media\/8104"}],"wp:attachment":[{"href":"https:\/\/gioielleriamonilia.it\/index.php\/wp-json\/wp\/v2\/media?parent=8103"}],"wp:term":[{"taxonomy":"pwb-brand","embeddable":true,"href":"https:\/\/gioielleriamonilia.it\/index.php\/wp-json\/wp\/v2\/pwb-brand?post=8103"},{"taxonomy":"product_brand","embeddable":true,"href":"https:\/\/gioielleriamonilia.it\/index.php\/wp-json\/wp\/v2\/product_brand?post=8103"},{"taxonomy":"product_cat","embeddable":true,"href":"https:\/\/gioielleriamonilia.it\/index.php\/wp-json\/wp\/v2\/product_cat?post=8103"},{"taxonomy":"product_tag","embeddable":true,"href":"https:\/\/gioielleriamonilia.it\/index.php\/wp-json\/wp\/v2\/product_tag?post=8103"}],"curies":[{"name":"wp","href":"https:\/\/api.w.org\/{rel}","templated":true}]}}