{"id":8228,"date":"2024-11-04T11:40:34","date_gmt":"2024-11-04T10:40:34","guid":{"rendered":"https:\/\/gioielleriamonilia.it\/?post_type=product&#038;p=8228"},"modified":"2024-11-04T11:41:21","modified_gmt":"2024-11-04T10:41:21","slug":"orologio-alviero-martini-prima-classe-cs4468s-03m","status":"publish","type":"product","link":"https:\/\/gioielleriamonilia.it\/index.php\/prodotto\/orologio-alviero-martini-prima-classe-cs4468s-03m\/","title":{"rendered":"Orologio Alviero Martini Prima Classe CS4468S\/03M"},"content":{"rendered":"<p>Orologio Alviero Martini Prima Classe CS4468S\/03M<\/p>\n<p>Orologio del brand Alviero Martini 1\u00b0 Classe della collezione Zanzibar con cassa di diametro mm 32. Gioiello realizzato in acciaio Lunetta IP oro. con quadrante con pattern, il cinturino \u00e8 in acciaio bicolore intercambiabile. Chiusura d\u00e9ployante Resiste all&#8217;acqua fino a 3ATM.. La referenza \u00e8 CS4468S\/03M<\/p>\n<div class=\"prodotto__descrizione-valori \">Questo articolo verr\u00e0 spedito con Scatola Originale Alviero Martini Prima Classe<\/div>\n","protected":false},"excerpt":{"rendered":"<ul>\n<li>Cassa 32mm<\/li>\n<\/ul>\n","protected":false},"featured_media":8229,"template":"","meta":{"om_disable_all_campaigns":false,"_uf_show_specific_survey":0,"_uf_disable_surveys":false},"pwb-brand":[227],"product_brand":[],"product_cat":[226,131,233],"product_tag":[230,1780,228,231],"class_list":{"0":"post-8228","1":"product","2":"type-product","3":"status-publish","4":"has-post-thumbnail","6":"pwb-brand-alviero-martini","7":"product_cat-alviero-martini","8":"product_cat-orologi","9":"product_cat-orologi-donna","10":"product_tag-alviero-martini","11":"product_tag-cs4468s-03m","12":"product_tag-orologio","13":"product_tag-prima-classe","14":"description-off","16":"first","17":"instock","18":"sale","19":"taxable","20":"shipping-taxable","21":"purchasable","22":"product-type-simple"},"aioseo_notices":[],"brands":[{"id":227,"name":"Alviero Martini","slug":"alviero-martini"}],"_links":{"self":[{"href":"https:\/\/gioielleriamonilia.it\/index.php\/wp-json\/wp\/v2\/product\/8228","targetHints":{"allow":["GET"]}}],"collection":[{"href":"https:\/\/gioielleriamonilia.it\/index.php\/wp-json\/wp\/v2\/product"}],"about":[{"href":"https:\/\/gioielleriamonilia.it\/index.php\/wp-json\/wp\/v2\/types\/product"}],"wp:featuredmedia":[{"embeddable":true,"href":"https:\/\/gioielleriamonilia.it\/index.php\/wp-json\/wp\/v2\/media\/8229"}],"wp:attachment":[{"href":"https:\/\/gioielleriamonilia.it\/index.php\/wp-json\/wp\/v2\/media?parent=8228"}],"wp:term":[{"taxonomy":"pwb-brand","embeddable":true,"href":"https:\/\/gioielleriamonilia.it\/index.php\/wp-json\/wp\/v2\/pwb-brand?post=8228"},{"taxonomy":"product_brand","embeddable":true,"href":"https:\/\/gioielleriamonilia.it\/index.php\/wp-json\/wp\/v2\/product_brand?post=8228"},{"taxonomy":"product_cat","embeddable":true,"href":"https:\/\/gioielleriamonilia.it\/index.php\/wp-json\/wp\/v2\/product_cat?post=8228"},{"taxonomy":"product_tag","embeddable":true,"href":"https:\/\/gioielleriamonilia.it\/index.php\/wp-json\/wp\/v2\/product_tag?post=8228"}],"curies":[{"name":"wp","href":"https:\/\/api.w.org\/{rel}","templated":true}]}}