{"id":8235,"date":"2024-11-04T12:08:03","date_gmt":"2024-11-04T11:08:03","guid":{"rendered":"https:\/\/gioielleriamonilia.it\/?post_type=product&#038;p=8235"},"modified":"2026-03-10T19:48:55","modified_gmt":"2026-03-10T18:48:55","slug":"orologio-alviero-martini-prima-classe-antibes-1691005","status":"publish","type":"product","link":"https:\/\/gioielleriamonilia.it\/index.php\/prodotto\/orologio-alviero-martini-prima-classe-antibes-1691005\/","title":{"rendered":"Orologio Alviero Martini Prima Classe Antibes 1691005"},"content":{"rendered":"<p>Orologio Alviero Martini Prima Classe Antibes 1691005<\/p>\n<p>Orologio solo tempo della collezione Alviero Martini Prima Classe Antibes da donna. Colore cassa: argento; colore del quadrante: argento; colore del bracciale: argento. Cassa rotonda di diametro 32 mm in acciaio inossidabile 316L. Il vetro presente \u00e8 minerale. Il bracciale gioiello con logo del brand \u00e8 in acciaio inossidabile 316L ed \u00e8 caratterizzato da una chiusura deployante. Il movimento \u00e8 al quarzo. Classificazione di impermeabilit\u00e0 (WR) 3 ATM: resistente agli schizzi d&#8217;acqua e alla pioggia, ma non sotto pressione.<\/p>\n","protected":false},"excerpt":{"rendered":"<ul>\n<li>Cassa 32mm<\/li>\n<\/ul>\n","protected":false},"featured_media":8236,"template":"","meta":{"om_disable_all_campaigns":false,"_uf_show_specific_survey":0,"_uf_disable_surveys":false},"pwb-brand":[227],"product_brand":[],"product_cat":[226,131,233],"product_tag":[576,230,1783,229,228,231],"class_list":{"0":"post-8235","1":"product","2":"type-product","3":"status-publish","4":"has-post-thumbnail","6":"pwb-brand-alviero-martini","7":"product_cat-alviero-martini","8":"product_cat-orologi","9":"product_cat-orologi-donna","10":"product_tag-576","11":"product_tag-alviero-martini","12":"product_tag-antibes","13":"product_tag-donna","14":"product_tag-orologio","15":"product_tag-prima-classe","16":"description-off","18":"first","19":"outofstock","20":"sale","21":"taxable","22":"shipping-taxable","23":"purchasable","24":"product-type-simple"},"aioseo_notices":[],"brands":[{"id":227,"name":"Alviero Martini","slug":"alviero-martini"}],"_links":{"self":[{"href":"https:\/\/gioielleriamonilia.it\/index.php\/wp-json\/wp\/v2\/product\/8235","targetHints":{"allow":["GET"]}}],"collection":[{"href":"https:\/\/gioielleriamonilia.it\/index.php\/wp-json\/wp\/v2\/product"}],"about":[{"href":"https:\/\/gioielleriamonilia.it\/index.php\/wp-json\/wp\/v2\/types\/product"}],"wp:featuredmedia":[{"embeddable":true,"href":"https:\/\/gioielleriamonilia.it\/index.php\/wp-json\/wp\/v2\/media\/8236"}],"wp:attachment":[{"href":"https:\/\/gioielleriamonilia.it\/index.php\/wp-json\/wp\/v2\/media?parent=8235"}],"wp:term":[{"taxonomy":"pwb-brand","embeddable":true,"href":"https:\/\/gioielleriamonilia.it\/index.php\/wp-json\/wp\/v2\/pwb-brand?post=8235"},{"taxonomy":"product_brand","embeddable":true,"href":"https:\/\/gioielleriamonilia.it\/index.php\/wp-json\/wp\/v2\/product_brand?post=8235"},{"taxonomy":"product_cat","embeddable":true,"href":"https:\/\/gioielleriamonilia.it\/index.php\/wp-json\/wp\/v2\/product_cat?post=8235"},{"taxonomy":"product_tag","embeddable":true,"href":"https:\/\/gioielleriamonilia.it\/index.php\/wp-json\/wp\/v2\/product_tag?post=8235"}],"curies":[{"name":"wp","href":"https:\/\/api.w.org\/{rel}","templated":true}]}}