{"id":8238,"date":"2024-11-04T12:15:36","date_gmt":"2024-11-04T11:15:36","guid":{"rendered":"https:\/\/gioielleriamonilia.it\/?post_type=product&#038;p=8238"},"modified":"2024-11-04T12:15:36","modified_gmt":"2024-11-04T11:15:36","slug":"orologio-alviero-martini-prima-classe-cs4850l-01m","status":"publish","type":"product","link":"https:\/\/gioielleriamonilia.it\/index.php\/prodotto\/orologio-alviero-martini-prima-classe-cs4850l-01m\/","title":{"rendered":"Orologio Alviero Martini Prima Classe CS4850L\/01M"},"content":{"rendered":"<p>Orologio Alviero Martini Prima Classe CS4850L\/01M<\/p>\n<p>Orologio del brand Alviero Martini 1\u00b0 Classe della collezione Capoverde con cassa di diametro mm 36. Gioiello realizzato in acciaio con quadrante con pattern, il cinturino \u00e8 in acciaio. Chiusura d\u00e9ployante Resiste all&#8217;acqua fino a 3ATM.. La referenza \u00e8 CS4850L\/01M<\/p>\n<div class=\"prodotto__descrizione-valori \">Questo articolo verr\u00e0 spedito con Scatola Originale Alviero Martini Prima Classe<\/div>\n","protected":false},"excerpt":{"rendered":"<ul>\n<li>Cassa 36mm<\/li>\n<\/ul>\n","protected":false},"featured_media":8239,"template":"","meta":{"om_disable_all_campaigns":false,"_uf_show_specific_survey":0,"_uf_disable_surveys":false},"pwb-brand":[227],"product_brand":[],"product_cat":[226,131,233],"product_tag":[230,1784,229,228,231],"class_list":{"0":"post-8238","1":"product","2":"type-product","3":"status-publish","4":"has-post-thumbnail","6":"pwb-brand-alviero-martini","7":"product_cat-alviero-martini","8":"product_cat-orologi","9":"product_cat-orologi-donna","10":"product_tag-alviero-martini","11":"product_tag-cs4850l-01m","12":"product_tag-donna","13":"product_tag-orologio","14":"product_tag-prima-classe","15":"description-off","17":"first","18":"instock","19":"sale","20":"taxable","21":"shipping-taxable","22":"purchasable","23":"product-type-simple"},"aioseo_notices":[],"brands":[{"id":227,"name":"Alviero Martini","slug":"alviero-martini"}],"_links":{"self":[{"href":"https:\/\/gioielleriamonilia.it\/index.php\/wp-json\/wp\/v2\/product\/8238","targetHints":{"allow":["GET"]}}],"collection":[{"href":"https:\/\/gioielleriamonilia.it\/index.php\/wp-json\/wp\/v2\/product"}],"about":[{"href":"https:\/\/gioielleriamonilia.it\/index.php\/wp-json\/wp\/v2\/types\/product"}],"wp:featuredmedia":[{"embeddable":true,"href":"https:\/\/gioielleriamonilia.it\/index.php\/wp-json\/wp\/v2\/media\/8239"}],"wp:attachment":[{"href":"https:\/\/gioielleriamonilia.it\/index.php\/wp-json\/wp\/v2\/media?parent=8238"}],"wp:term":[{"taxonomy":"pwb-brand","embeddable":true,"href":"https:\/\/gioielleriamonilia.it\/index.php\/wp-json\/wp\/v2\/pwb-brand?post=8238"},{"taxonomy":"product_brand","embeddable":true,"href":"https:\/\/gioielleriamonilia.it\/index.php\/wp-json\/wp\/v2\/product_brand?post=8238"},{"taxonomy":"product_cat","embeddable":true,"href":"https:\/\/gioielleriamonilia.it\/index.php\/wp-json\/wp\/v2\/product_cat?post=8238"},{"taxonomy":"product_tag","embeddable":true,"href":"https:\/\/gioielleriamonilia.it\/index.php\/wp-json\/wp\/v2\/product_tag?post=8238"}],"curies":[{"name":"wp","href":"https:\/\/api.w.org\/{rel}","templated":true}]}}