{"id":8837,"date":"2025-05-06T16:10:23","date_gmt":"2025-05-06T14:10:23","guid":{"rendered":"https:\/\/gioielleriamonilia.it\/?post_type=product&#038;p=8837"},"modified":"2025-07-10T11:45:55","modified_gmt":"2025-07-10T09:45:55","slug":"orologio-tommy-hilfiger-cronografo-uomo-baker-1710648","status":"publish","type":"product","link":"https:\/\/gioielleriamonilia.it\/index.php\/prodotto\/orologio-tommy-hilfiger-cronografo-uomo-baker-1710648\/","title":{"rendered":"Orologio Tommy Hilfiger cronografo uomo Baker 1710648"},"content":{"rendered":"<p>Orologio Tommy Hilfiger cronografo uomo Baker 1710648<\/p>\n<p>Orologio multifunzione da uomo di Tommy Hilfiger della collezione Baker. Orologio con cassa in acciaio inossidabile tonda di colore blu. Diametro: 44mm. Il colore del quadrante \u00e8 blu. Il cinturino \u00e8 in acciaio inossidabile di colore blu. La resistenza all&#8217;acqua \u00e8 5 ATM. La referenza \u00e8 1710648<\/p>\n<div class=\"prodotto__descrizione-valori \">Questo articolo verr\u00e0 spedito con Scatola Originale Tommy Hilfige<\/div>\n","protected":false},"excerpt":{"rendered":"<ul>\n<li>Cassa in acciaio inossidabile BLU<\/li>\n<li>Maglia Milano<\/li>\n<li>Cronografo<\/li>\n<\/ul>\n","protected":false},"featured_media":8838,"template":"","meta":{"om_disable_all_campaigns":false,"_uf_show_specific_survey":0,"_uf_disable_surveys":false},"pwb-brand":[371],"product_brand":[2012],"product_cat":[412,413,415,131,264,324],"product_tag":[2026,2025,564,228,372,258],"class_list":{"0":"post-8837","1":"product","2":"type-product","3":"status-publish","4":"has-post-thumbnail","6":"pwb-brand-tommy-hilfiger","7":"product_brand-tommy-hilfiger","8":"product_cat-comunioni-cresime","9":"product_cat-maschietto","10":"product_cat-orologi-comunioni-cresime","11":"product_cat-orologi","12":"product_cat-orologi-uomo","13":"product_cat-tommy-hilfiger","14":"product_tag-2026","15":"product_tag-baker","16":"product_tag-cronografo","17":"product_tag-orologio","18":"product_tag-tommy-hilfiger","19":"product_tag-uomo","20":"description-off","22":"first","23":"outofstock","24":"sale","25":"taxable","26":"shipping-taxable","27":"purchasable","28":"product-type-simple"},"aioseo_notices":[],"brands":[{"id":371,"name":"Tommy Hilfiger","slug":"tommy-hilfiger"}],"_links":{"self":[{"href":"https:\/\/gioielleriamonilia.it\/index.php\/wp-json\/wp\/v2\/product\/8837","targetHints":{"allow":["GET"]}}],"collection":[{"href":"https:\/\/gioielleriamonilia.it\/index.php\/wp-json\/wp\/v2\/product"}],"about":[{"href":"https:\/\/gioielleriamonilia.it\/index.php\/wp-json\/wp\/v2\/types\/product"}],"wp:featuredmedia":[{"embeddable":true,"href":"https:\/\/gioielleriamonilia.it\/index.php\/wp-json\/wp\/v2\/media\/8838"}],"wp:attachment":[{"href":"https:\/\/gioielleriamonilia.it\/index.php\/wp-json\/wp\/v2\/media?parent=8837"}],"wp:term":[{"taxonomy":"pwb-brand","embeddable":true,"href":"https:\/\/gioielleriamonilia.it\/index.php\/wp-json\/wp\/v2\/pwb-brand?post=8837"},{"taxonomy":"product_brand","embeddable":true,"href":"https:\/\/gioielleriamonilia.it\/index.php\/wp-json\/wp\/v2\/product_brand?post=8837"},{"taxonomy":"product_cat","embeddable":true,"href":"https:\/\/gioielleriamonilia.it\/index.php\/wp-json\/wp\/v2\/product_cat?post=8837"},{"taxonomy":"product_tag","embeddable":true,"href":"https:\/\/gioielleriamonilia.it\/index.php\/wp-json\/wp\/v2\/product_tag?post=8837"}],"curies":[{"name":"wp","href":"https:\/\/api.w.org\/{rel}","templated":true}]}}