{"id":8886,"date":"2025-05-08T16:44:46","date_gmt":"2025-05-08T14:44:46","guid":{"rendered":"https:\/\/gioielleriamonilia.it\/?post_type=product&#038;p=8886"},"modified":"2025-07-14T09:58:47","modified_gmt":"2025-07-14T07:58:47","slug":"collana-unoaerre-con-chiusura-gioiello-011exh0074000-2676","status":"publish","type":"product","link":"https:\/\/gioielleriamonilia.it\/index.php\/prodotto\/collana-unoaerre-con-chiusura-gioiello-011exh0074000-2676\/","title":{"rendered":"Collana Unoaerre con chiusura gioiello 011EXH0074000-2676"},"content":{"rendered":"<p>Collana Unoaerre con chiusura gioiello 011EXH0074000-2676<\/p>\n<div class=\"product attribute overview\">\n<div class=\"value\">Collana lunga in catena traversino con bagno in oro e chiusura a moschettone con pav\u00e9 di zirconi. Misura 90,00 cm. Grazie alla sorprendente versatilit\u00e0, le catene fantasia trasformano i gioielli da semplici accessori moda a vere e proprie chiavi di stile per esprimere noi stessi e la nostra unicit\u00e0. Questa collana chanel dalla linea affusolata pu\u00f2 anche essere indossata a doppio giro come un choker e grazie al design elegante e leggero \u00e8 perfetta in ogni occasione.<\/div>\n<\/div>\n","protected":false},"excerpt":{"rendered":"<ul>\n<li>Materiale Bronzo<\/li>\n<li>Misura 90cm<\/li>\n<\/ul>\n","protected":false},"featured_media":8887,"template":"","meta":{"om_disable_all_campaigns":false,"_uf_show_specific_survey":0,"_uf_disable_surveys":false},"pwb-brand":[139],"product_brand":[2036],"product_cat":[249,418,412,253,414,367,132,1329],"product_tag":[2040,247,157,246],"class_list":{"0":"post-8886","1":"product","2":"type-product","3":"status-publish","4":"has-post-thumbnail","6":"pwb-brand-unoaerre","7":"product_brand-unoaerre","8":"product_cat-collane-gioielli-fashion","9":"product_cat-collanine","10":"product_cat-comunioni-cresime","11":"product_cat-donna-gioielli-fashion","12":"product_cat-femminuccia","13":"product_cat-festa-della-mamma","14":"product_cat-gioielli-fashion","15":"product_cat-unoaerre-fashion","16":"product_tag-011exh0074000-2676","17":"product_tag-bronzo","18":"product_tag-collana","19":"product_tag-unoaerre","20":"description-off","22":"first","23":"outofstock","24":"sale","25":"taxable","26":"shipping-taxable","27":"purchasable","28":"product-type-simple"},"aioseo_notices":[],"brands":[{"id":139,"name":"Unoaerre","slug":"unoaerre"}],"_links":{"self":[{"href":"https:\/\/gioielleriamonilia.it\/index.php\/wp-json\/wp\/v2\/product\/8886","targetHints":{"allow":["GET"]}}],"collection":[{"href":"https:\/\/gioielleriamonilia.it\/index.php\/wp-json\/wp\/v2\/product"}],"about":[{"href":"https:\/\/gioielleriamonilia.it\/index.php\/wp-json\/wp\/v2\/types\/product"}],"wp:featuredmedia":[{"embeddable":true,"href":"https:\/\/gioielleriamonilia.it\/index.php\/wp-json\/wp\/v2\/media\/8887"}],"wp:attachment":[{"href":"https:\/\/gioielleriamonilia.it\/index.php\/wp-json\/wp\/v2\/media?parent=8886"}],"wp:term":[{"taxonomy":"pwb-brand","embeddable":true,"href":"https:\/\/gioielleriamonilia.it\/index.php\/wp-json\/wp\/v2\/pwb-brand?post=8886"},{"taxonomy":"product_brand","embeddable":true,"href":"https:\/\/gioielleriamonilia.it\/index.php\/wp-json\/wp\/v2\/product_brand?post=8886"},{"taxonomy":"product_cat","embeddable":true,"href":"https:\/\/gioielleriamonilia.it\/index.php\/wp-json\/wp\/v2\/product_cat?post=8886"},{"taxonomy":"product_tag","embeddable":true,"href":"https:\/\/gioielleriamonilia.it\/index.php\/wp-json\/wp\/v2\/product_tag?post=8886"}],"curies":[{"name":"wp","href":"https:\/\/api.w.org\/{rel}","templated":true}]}}