{"id":8888,"date":"2025-05-08T16:50:49","date_gmt":"2025-05-08T14:50:49","guid":{"rendered":"https:\/\/gioielleriamonilia.it\/?post_type=product&#038;p=8888"},"modified":"2025-05-08T16:50:51","modified_gmt":"2025-05-08T14:50:51","slug":"choker-unoaerre-con-chiusura-gioiello-011exb0074000-2640","status":"publish","type":"product","link":"https:\/\/gioielleriamonilia.it\/index.php\/prodotto\/choker-unoaerre-con-chiusura-gioiello-011exb0074000-2640\/","title":{"rendered":"Choker Unoaerre con chiusura gioiello 011EXB0074000-2640"},"content":{"rendered":"<p>Choker Unoaerre con chiusura gioiello 011EXB0074000-2640<\/p>\n<div class=\"product attribute overview\">\n<div class=\"value\">Choker in catena sottile traversino con bagno in oro e chiusura a moschettone con pav\u00e9 di zirconi. Misura 35,00 cm. Grazie alla sorprendente versatilit\u00e0, le catene fantasia trasformano i gioielli da semplici accessori moda a vere e proprie chiavi di stile per esprimere noi stessi e la nostra unicit\u00e0. Questa collana choker dalla linea affusolata pu\u00f2 anche essere indossata a doppio giro come un bracciale e grazie al design elegante e leggero \u00e8 perfetta in ogni occasione.<\/div>\n<\/div>\n","protected":false},"excerpt":{"rendered":"<ul>\n<li>Materiale Bronzo<\/li>\n<li>Misura 35 cm<\/li>\n<\/ul>\n","protected":false},"featured_media":8889,"template":"","meta":{"om_disable_all_campaigns":false,"_uf_show_specific_survey":0,"_uf_disable_surveys":false},"pwb-brand":[139],"product_brand":[2036],"product_cat":[249,253,367,132,1329],"product_tag":[2041,247,1738,246],"class_list":{"0":"post-8888","1":"product","2":"type-product","3":"status-publish","4":"has-post-thumbnail","6":"pwb-brand-unoaerre","7":"product_brand-unoaerre","8":"product_cat-collane-gioielli-fashion","9":"product_cat-donna-gioielli-fashion","10":"product_cat-festa-della-mamma","11":"product_cat-gioielli-fashion","12":"product_cat-unoaerre-fashion","13":"product_tag-011exb0074000-2640","14":"product_tag-bronzo","15":"product_tag-choker","16":"product_tag-unoaerre","17":"description-off","19":"first","20":"instock","21":"sale","22":"taxable","23":"shipping-taxable","24":"purchasable","25":"product-type-simple"},"aioseo_notices":[],"brands":[{"id":139,"name":"Unoaerre","slug":"unoaerre"}],"_links":{"self":[{"href":"https:\/\/gioielleriamonilia.it\/index.php\/wp-json\/wp\/v2\/product\/8888","targetHints":{"allow":["GET"]}}],"collection":[{"href":"https:\/\/gioielleriamonilia.it\/index.php\/wp-json\/wp\/v2\/product"}],"about":[{"href":"https:\/\/gioielleriamonilia.it\/index.php\/wp-json\/wp\/v2\/types\/product"}],"wp:featuredmedia":[{"embeddable":true,"href":"https:\/\/gioielleriamonilia.it\/index.php\/wp-json\/wp\/v2\/media\/8889"}],"wp:attachment":[{"href":"https:\/\/gioielleriamonilia.it\/index.php\/wp-json\/wp\/v2\/media?parent=8888"}],"wp:term":[{"taxonomy":"pwb-brand","embeddable":true,"href":"https:\/\/gioielleriamonilia.it\/index.php\/wp-json\/wp\/v2\/pwb-brand?post=8888"},{"taxonomy":"product_brand","embeddable":true,"href":"https:\/\/gioielleriamonilia.it\/index.php\/wp-json\/wp\/v2\/product_brand?post=8888"},{"taxonomy":"product_cat","embeddable":true,"href":"https:\/\/gioielleriamonilia.it\/index.php\/wp-json\/wp\/v2\/product_cat?post=8888"},{"taxonomy":"product_tag","embeddable":true,"href":"https:\/\/gioielleriamonilia.it\/index.php\/wp-json\/wp\/v2\/product_tag?post=8888"}],"curies":[{"name":"wp","href":"https:\/\/api.w.org\/{rel}","templated":true}]}}