{"id":9114,"date":"2025-05-14T12:34:14","date_gmt":"2025-05-14T10:34:14","guid":{"rendered":"https:\/\/gioielleriamonilia.it\/?post_type=product&#038;p=9114"},"modified":"2025-07-23T10:55:17","modified_gmt":"2025-07-23T08:55:17","slug":"bracciale-unoaerre-dinamica-016exb0054000-2457","status":"publish","type":"product","link":"https:\/\/gioielleriamonilia.it\/index.php\/prodotto\/bracciale-unoaerre-dinamica-016exb0054000-2457\/","title":{"rendered":"Bracciale Unoaerre Dinamica 016EXB0054000-2457"},"content":{"rendered":"<p>Bracciale Unoaerre Dinamica 016EXB0054000-2457<\/p>\n<div class=\"product attribute overview\">\n<div class=\"value\">Dichiara il tuo stile con questo bracciale con maglie ovali piatte e bagno in oro. L&#8217;ipnotico design optical regaler\u00e0 un tocco decisamente glamour anche al pi\u00f9 semplice degli outfit e la lucentezza del bagno in oro conquister\u00e0 ogni sguardo. Esprimi chi sei attraverso dettagli speciali, scopri tutti i gioielli della collezione e scegli il tuo mix unico.<\/div>\n<\/div>\n","protected":false},"excerpt":{"rendered":"<ul>\n<li>Materiale Bronzo<\/li>\n<li>Dorato<\/li>\n<\/ul>\n","protected":false},"featured_media":9115,"template":"","meta":{"om_disable_all_campaigns":false,"_uf_show_specific_survey":0,"_uf_disable_surveys":false},"pwb-brand":[139],"product_brand":[2036],"product_cat":[250,253,132,1329],"product_tag":[2119,198,247,1378,229,246],"class_list":{"0":"post-9114","1":"product","2":"type-product","3":"status-publish","4":"has-post-thumbnail","6":"pwb-brand-unoaerre","7":"product_brand-unoaerre","8":"product_cat-bracciali","9":"product_cat-donna-gioielli-fashion","10":"product_cat-gioielli-fashion","11":"product_cat-unoaerre-fashion","12":"product_tag-016exb0054000-2457","13":"product_tag-bracciale","14":"product_tag-bronzo","15":"product_tag-dinamica","16":"product_tag-donna","17":"product_tag-unoaerre","18":"description-off","20":"first","21":"outofstock","22":"sale","23":"taxable","24":"shipping-taxable","25":"purchasable","26":"product-type-simple"},"aioseo_notices":[],"brands":[{"id":139,"name":"Unoaerre","slug":"unoaerre"}],"_links":{"self":[{"href":"https:\/\/gioielleriamonilia.it\/index.php\/wp-json\/wp\/v2\/product\/9114","targetHints":{"allow":["GET"]}}],"collection":[{"href":"https:\/\/gioielleriamonilia.it\/index.php\/wp-json\/wp\/v2\/product"}],"about":[{"href":"https:\/\/gioielleriamonilia.it\/index.php\/wp-json\/wp\/v2\/types\/product"}],"wp:featuredmedia":[{"embeddable":true,"href":"https:\/\/gioielleriamonilia.it\/index.php\/wp-json\/wp\/v2\/media\/9115"}],"wp:attachment":[{"href":"https:\/\/gioielleriamonilia.it\/index.php\/wp-json\/wp\/v2\/media?parent=9114"}],"wp:term":[{"taxonomy":"pwb-brand","embeddable":true,"href":"https:\/\/gioielleriamonilia.it\/index.php\/wp-json\/wp\/v2\/pwb-brand?post=9114"},{"taxonomy":"product_brand","embeddable":true,"href":"https:\/\/gioielleriamonilia.it\/index.php\/wp-json\/wp\/v2\/product_brand?post=9114"},{"taxonomy":"product_cat","embeddable":true,"href":"https:\/\/gioielleriamonilia.it\/index.php\/wp-json\/wp\/v2\/product_cat?post=9114"},{"taxonomy":"product_tag","embeddable":true,"href":"https:\/\/gioielleriamonilia.it\/index.php\/wp-json\/wp\/v2\/product_tag?post=9114"}],"curies":[{"name":"wp","href":"https:\/\/api.w.org\/{rel}","templated":true}]}}